{"id":1131,"date":"2024-11-19T22:42:40","date_gmt":"2024-11-19T21:42:40","guid":{"rendered":"https:\/\/www.diktyon.info\/?page_id=1131"},"modified":"2024-11-19T22:43:03","modified_gmt":"2024-11-19T21:43:03","slug":"alojamiento-utz-wuj","status":"publish","type":"page","link":"https:\/\/www.diktyon.info\/es\/alojamiento-utz-wuj\/","title":{"rendered":"Alojamiento Utz Wuj"},"content":{"rendered":"<div id=\"pl-1131\"  class=\"panel-layout\" ><div id=\"pg-1131-0\"  class=\"panel-grid panel-no-style\" ><div id=\"pgc-1131-0-0\"  class=\"panel-grid-cell panel-grid-cell-mobile-last\" ><div id=\"panel-1131-0-0-0\" class=\"so-panel widget widget_sow-editor panel-first-child panel-last-child\" data-index=\"0\" ><div\n\t\t\t\n\t\t\tclass=\"so-widget-sow-editor so-widget-sow-editor-base\"\n\t\t\t\n\t\t>\n<div class=\"siteorigin-widget-tinymce textwidget\">\n\t<h1>Alojamiento Utz Wuj<\/h1>\n<\/div>\n<\/div><\/div><\/div><div id=\"pgc-1131-0-1\"  class=\"panel-grid-cell panel-grid-cell-empty\" ><\/div><\/div><div id=\"pg-1131-1\"  class=\"panel-grid panel-no-style\" ><div id=\"pgc-1131-1-0\"  class=\"panel-grid-cell\" ><div id=\"panel-1131-1-0-0\" class=\"so-panel widget widget_sow-editor panel-first-child panel-last-child\" data-index=\"1\" ><div\n\t\t\t\n\t\t\tclass=\"so-widget-sow-editor so-widget-sow-editor-base\"\n\t\t\t\n\t\t>\n<div class=\"siteorigin-widget-tinymce textwidget\">\n\t<p>En el segundo nivel del Centro de Aprendizaje tenemos un hermoso lugar para descansar, o para turistas que quieren conocer Chichicastenango. Un cuarto, con lugar para hasta seis personas, con ba\u00f1o completo, cocina equipada, un balc\u00f3n con hermosa vista. Todo en medio de la naturaleza, y a s\u00f3lo 10 minutos del centro de Chichicastenango. Precios econ\u00f3micos. Cont\u00e1ctenos para m\u00e1s informaci\u00f3n. Ser\u00eda un honor tenerles aqu\u00ed.<\/p>\n<\/div>\n<\/div><\/div><\/div><div id=\"pgc-1131-1-1\"  class=\"panel-grid-cell\" ><div id=\"panel-1131-1-1-0\" class=\"so-panel widget widget_sow-image panel-first-child panel-last-child\" data-index=\"2\" ><div\n\t\t\t\n\t\t\tclass=\"so-widget-sow-image so-widget-sow-image-default-8b5b6f678277-1131\"\n\t\t\t\n\t\t>\n<div class=\"sow-image-container\">\n\t\t<img \n\tsrc=\"https:\/\/www.diktyon.info\/wp-content\/uploads\/2024\/11\/IMG-20240318-WA0013-768x483.jpg\" width=\"750\" height=\"472\" srcset=\"https:\/\/www.diktyon.info\/wp-content\/uploads\/2024\/11\/IMG-20240318-WA0013-768x483.jpg 768w, https:\/\/www.diktyon.info\/wp-content\/uploads\/2024\/11\/IMG-20240318-WA0013-300x189.jpg 300w, https:\/\/www.diktyon.info\/wp-content\/uploads\/2024\/11\/IMG-20240318-WA0013-1024x644.jpg 1024w, https:\/\/www.diktyon.info\/wp-content\/uploads\/2024\/11\/IMG-20240318-WA0013.jpg 1280w\" sizes=\"(max-width: 750px) 100vw, 750px\" title=\"Guest Accommodation Utz Wuj\" alt=\"Guest Accommodation Utz Wuj Chichicastenango\" \t\tclass=\"so-widget-image\"\/>\n\t<\/div>\n\n<\/div><\/div><\/div><\/div><div id=\"pg-1131-2\"  class=\"panel-grid panel-no-style\" ><div id=\"pgc-1131-2-0\"  class=\"panel-grid-cell\" ><div id=\"panel-1131-2-0-0\" class=\"so-panel widget widget_sow-image panel-first-child panel-last-child\" data-index=\"3\" ><div\n\t\t\t\n\t\t\tclass=\"so-widget-sow-image so-widget-sow-image-default-8b5b6f678277-1131\"\n\t\t\t\n\t\t>\n<div class=\"sow-image-container\">\n\t\t<img \n\tsrc=\"https:\/\/www.diktyon.info\/wp-content\/uploads\/2024\/11\/IMG-20240318-WA0007-300x225.jpg\" width=\"300\" height=\"225\" srcset=\"https:\/\/www.diktyon.info\/wp-content\/uploads\/2024\/11\/IMG-20240318-WA0007-300x225.jpg 300w, https:\/\/www.diktyon.info\/wp-content\/uploads\/2024\/11\/IMG-20240318-WA0007-1024x768.jpg 1024w, https:\/\/www.diktyon.info\/wp-content\/uploads\/2024\/11\/IMG-20240318-WA0007-768x576.jpg 768w, https:\/\/www.diktyon.info\/wp-content\/uploads\/2024\/11\/IMG-20240318-WA0007-1536x1152.jpg 1536w, https:\/\/www.diktyon.info\/wp-content\/uploads\/2024\/11\/IMG-20240318-WA0007.jpg 1600w\" sizes=\"(max-width: 300px) 100vw, 300px\" title=\"Guest Accommodation Utz Wuj Chichicastenango\" alt=\"Guest Accommodation Utz Wuj Chichicastenango\" \t\tclass=\"so-widget-image\"\/>\n\t<\/div>\n\n<\/div><\/div><\/div><div id=\"pgc-1131-2-1\"  class=\"panel-grid-cell\" ><div id=\"panel-1131-2-1-0\" class=\"so-panel widget widget_sow-image panel-first-child panel-last-child\" data-index=\"4\" ><div\n\t\t\t\n\t\t\tclass=\"so-widget-sow-image so-widget-sow-image-default-8b5b6f678277-1131\"\n\t\t\t\n\t\t>\n<div class=\"sow-image-container\">\n\t\t<img \n\tsrc=\"https:\/\/www.diktyon.info\/wp-content\/uploads\/2024\/11\/IMG-20240318-WA0009-300x225.jpg\" width=\"300\" height=\"225\" srcset=\"https:\/\/www.diktyon.info\/wp-content\/uploads\/2024\/11\/IMG-20240318-WA0009-300x225.jpg 300w, https:\/\/www.diktyon.info\/wp-content\/uploads\/2024\/11\/IMG-20240318-WA0009-1024x768.jpg 1024w, https:\/\/www.diktyon.info\/wp-content\/uploads\/2024\/11\/IMG-20240318-WA0009-768x576.jpg 768w, https:\/\/www.diktyon.info\/wp-content\/uploads\/2024\/11\/IMG-20240318-WA0009.jpg 1280w\" sizes=\"(max-width: 300px) 100vw, 300px\" title=\"Guest Accommodation Utz Wuj Chichicastenango \" alt=\"Guest Accommodation Utz Wuj Chichicastenango\" \t\tclass=\"so-widget-image\"\/>\n\t<\/div>\n\n<\/div><\/div><\/div><div id=\"pgc-1131-2-2\"  class=\"panel-grid-cell\" ><div id=\"panel-1131-2-2-0\" class=\"so-panel widget widget_sow-image panel-first-child panel-last-child\" data-index=\"5\" ><div\n\t\t\t\n\t\t\tclass=\"so-widget-sow-image so-widget-sow-image-default-8b5b6f678277-1131\"\n\t\t\t\n\t\t>\n<div class=\"sow-image-container\">\n\t\t<img \n\tsrc=\"https:\/\/www.diktyon.info\/wp-content\/uploads\/2024\/11\/IMG-20240318-WA0014-300x225.jpg\" width=\"300\" height=\"225\" srcset=\"https:\/\/www.diktyon.info\/wp-content\/uploads\/2024\/11\/IMG-20240318-WA0014-300x225.jpg 300w, https:\/\/www.diktyon.info\/wp-content\/uploads\/2024\/11\/IMG-20240318-WA0014-1024x768.jpg 1024w, https:\/\/www.diktyon.info\/wp-content\/uploads\/2024\/11\/IMG-20240318-WA0014-768x576.jpg 768w, https:\/\/www.diktyon.info\/wp-content\/uploads\/2024\/11\/IMG-20240318-WA0014.jpg 1280w\" sizes=\"(max-width: 300px) 100vw, 300px\" title=\"Guest Accommodation Utz Wuj\" alt=\"Guest Accommodation Utz Wuj Chichicastenango\" \t\tclass=\"so-widget-image\"\/>\n\t<\/div>\n\n<\/div><\/div><\/div><div id=\"pgc-1131-2-3\"  class=\"panel-grid-cell\" ><div id=\"panel-1131-2-3-0\" class=\"so-panel widget widget_sow-image panel-first-child panel-last-child\" data-index=\"6\" ><div\n\t\t\t\n\t\t\tclass=\"so-widget-sow-image so-widget-sow-image-default-8b5b6f678277-1131\"\n\t\t\t\n\t\t>\n<div class=\"sow-image-container\">\n\t\t<img \n\tsrc=\"https:\/\/www.diktyon.info\/wp-content\/uploads\/2024\/11\/20240712_173933-300x225.jpg\" width=\"300\" height=\"225\" srcset=\"https:\/\/www.diktyon.info\/wp-content\/uploads\/2024\/11\/20240712_173933-300x225.jpg 300w, https:\/\/www.diktyon.info\/wp-content\/uploads\/2024\/11\/20240712_173933-1024x768.jpg 1024w, https:\/\/www.diktyon.info\/wp-content\/uploads\/2024\/11\/20240712_173933-768x576.jpg 768w, https:\/\/www.diktyon.info\/wp-content\/uploads\/2024\/11\/20240712_173933-1536x1152.jpg 1536w, https:\/\/www.diktyon.info\/wp-content\/uploads\/2024\/11\/20240712_173933-2048x1536.jpg 2048w\" sizes=\"(max-width: 300px) 100vw, 300px\" title=\"Guest Accommodation Utz Wuj Chichicastenango\" alt=\"Guest Accommodation Utz Wuj Chichicastenango\" \t\tclass=\"so-widget-image\"\/>\n\t<\/div>\n\n<\/div><\/div><\/div><\/div><div id=\"pg-1131-3\"  class=\"panel-grid panel-has-style\" ><div class=\"panel-row-style panel-row-style-for-1131-3\" ><div id=\"pgc-1131-3-0\"  class=\"panel-grid-cell\" ><div id=\"panel-1131-3-0-0\" class=\"so-panel widget widget_sow-editor panel-first-child panel-last-child\" data-index=\"7\" ><div class=\"panel-widget-style panel-widget-style-for-1131-3-0-0\" ><div\n\t\t\t\n\t\t\tclass=\"so-widget-sow-editor so-widget-sow-editor-base\"\n\t\t\t\n\t\t>\n<div class=\"siteorigin-widget-tinymce textwidget\">\n\t<h5 style=\"text-align: left;\"><span style=\"color: #ffffff;\">\u00a9 2024 Diktyon Ministries International - Guatemala<\/span><\/h5>\n<\/div>\n<\/div><\/div><\/div><\/div><div id=\"pgc-1131-3-1\"  class=\"panel-grid-cell\" ><div id=\"panel-1131-3-1-0\" class=\"so-panel widget widget_sow-editor panel-first-child panel-last-child\" data-index=\"8\" ><div class=\"panel-widget-style panel-widget-style-for-1131-3-1-0\" ><div\n\t\t\t\n\t\t\tclass=\"so-widget-sow-editor so-widget-sow-editor-base\"\n\t\t\t\n\t\t>\n<div class=\"siteorigin-widget-tinymce textwidget\">\n\t<h5 style=\"text-align: right;\"><a href=\"https:\/\/www.diktyon.info\/contact\/\"><span style=\"color: #ffffff;\">CONTACT<\/span><\/a><\/h5>\n<\/div>\n<\/div><\/div><\/div><\/div><\/div><\/div><\/div>","protected":false},"excerpt":{"rendered":"<p>Alojamiento Utz Wuj En el segundo nivel del Centro de Aprendizaje tenemos un hermoso lugar para descansar, o para turistas que quieren conocer Chichicastenango. Un cuarto, con lugar para hasta seis personas, con ba\u00f1o completo, cocina equipada, un balc\u00f3n con hermosa vista. Todo en medio de la naturaleza, y a s\u00f3lo 10 minutos del centro [&hellip;]<\/p>\n","protected":false},"author":2,"featured_media":0,"parent":0,"menu_order":0,"comment_status":"closed","ping_status":"closed","template":"","meta":{"_acf_changed":false,"footnotes":""},"class_list":["post-1131","page","type-page","status-publish","hentry"],"acf":[],"_links":{"self":[{"href":"https:\/\/www.diktyon.info\/es\/wp-json\/wp\/v2\/pages\/1131","targetHints":{"allow":["GET"]}}],"collection":[{"href":"https:\/\/www.diktyon.info\/es\/wp-json\/wp\/v2\/pages"}],"about":[{"href":"https:\/\/www.diktyon.info\/es\/wp-json\/wp\/v2\/types\/page"}],"author":[{"embeddable":true,"href":"https:\/\/www.diktyon.info\/es\/wp-json\/wp\/v2\/users\/2"}],"replies":[{"embeddable":true,"href":"https:\/\/www.diktyon.info\/es\/wp-json\/wp\/v2\/comments?post=1131"}],"version-history":[{"count":7,"href":"https:\/\/www.diktyon.info\/es\/wp-json\/wp\/v2\/pages\/1131\/revisions"}],"predecessor-version":[{"id":1216,"href":"https:\/\/www.diktyon.info\/es\/wp-json\/wp\/v2\/pages\/1131\/revisions\/1216"}],"wp:attachment":[{"href":"https:\/\/www.diktyon.info\/es\/wp-json\/wp\/v2\/media?parent=1131"}],"curies":[{"name":"wp","href":"https:\/\/api.w.org\/{rel}","templated":true}]}}