{"id":1141,"date":"2024-11-19T22:33:33","date_gmt":"2024-11-19T21:33:33","guid":{"rendered":"https:\/\/www.diktyon.info\/?page_id=1141"},"modified":"2024-11-19T22:33:33","modified_gmt":"2024-11-19T21:33:33","slug":"centro-de-aprendizaje-utz-wuj","status":"publish","type":"page","link":"https:\/\/www.diktyon.info\/es\/centro-de-aprendizaje-utz-wuj\/","title":{"rendered":"Centro de Aprendizaje Utz Wuj"},"content":{"rendered":"<div id=\"pl-1141\"  class=\"panel-layout\" ><div id=\"pg-1141-0\"  class=\"panel-grid panel-no-style\" ><div id=\"pgc-1141-0-0\"  class=\"panel-grid-cell\" ><div id=\"panel-1141-0-0-0\" class=\"so-panel widget widget_sow-editor panel-first-child panel-last-child\" data-index=\"0\" ><div\n\t\t\t\n\t\t\tclass=\"so-widget-sow-editor so-widget-sow-editor-base\"\n\t\t\t\n\t\t>\n<div class=\"siteorigin-widget-tinymce textwidget\">\n\t<h1><strong>Centro de aprendizaje Utz Wuj\u00a0\u00a0 <\/strong><\/h1>\n<\/div>\n<\/div><\/div><\/div><\/div><div id=\"pg-1141-1\"  class=\"panel-grid panel-no-style\" ><div id=\"pgc-1141-1-0\"  class=\"panel-grid-cell\" ><div id=\"panel-1141-1-0-0\" class=\"so-panel widget widget_sow-editor panel-first-child panel-last-child\" data-index=\"1\" ><div\n\t\t\t\n\t\t\tclass=\"so-widget-sow-editor so-widget-sow-editor-base\"\n\t\t\t\n\t\t>\n<div class=\"siteorigin-widget-tinymce textwidget\">\n\t<p>Despu\u00e9s de habernos dado cuenta de la dificultad que muchas personas tienen con la comprensi\u00f3n de lectura, decidimos en 2017 iniciar un club de lectura para ni\u00f1os, para que ellos puedan mejorar su interpretaci\u00f3n desde temprana edad. Ni\u00f1os de la vecindad llegaban a casa para disfrutar cuentos e historias, aprender juntos y divertirse con juegos educativos. Este club fue un \u00e9xito, y por esto abrimos en 2022 el Centro de Aprendizaje Utz Wuj, donde aparte del club de lectura ofrecemos reforzamiento escolar, entrenamiento para maestros, encuentro de pastores entre otros. Tambi\u00e9n contamos con una biblioteca, donde los ni\u00f1os y adultos pueden buscar los libros que les gustan, llevarlos a casa por una semana para leerlo y luego devolverlos. \u00a1As\u00ed tratamos de cultivar buenos lectores!<\/p>\n<\/div>\n<\/div><\/div><\/div><div id=\"pgc-1141-1-1\"  class=\"panel-grid-cell\" ><div id=\"panel-1141-1-1-0\" class=\"so-panel widget widget_sow-image panel-first-child panel-last-child\" data-index=\"2\" ><div\n\t\t\t\n\t\t\tclass=\"so-widget-sow-image so-widget-sow-image-default-8b5b6f678277-1141\"\n\t\t\t\n\t\t>\n<div class=\"sow-image-container\">\n\t\t<img \n\tsrc=\"https:\/\/www.diktyon.info\/wp-content\/uploads\/2024\/11\/Utz-Wuj-Learning-Center-1-768x576.jpg\" width=\"750\" height=\"563\" srcset=\"https:\/\/www.diktyon.info\/wp-content\/uploads\/2024\/11\/Utz-Wuj-Learning-Center-1-768x576.jpg 768w, https:\/\/www.diktyon.info\/wp-content\/uploads\/2024\/11\/Utz-Wuj-Learning-Center-1-300x225.jpg 300w, https:\/\/www.diktyon.info\/wp-content\/uploads\/2024\/11\/Utz-Wuj-Learning-Center-1-1024x768.jpg 1024w, https:\/\/www.diktyon.info\/wp-content\/uploads\/2024\/11\/Utz-Wuj-Learning-Center-1-1536x1152.jpg 1536w, https:\/\/www.diktyon.info\/wp-content\/uploads\/2024\/11\/Utz-Wuj-Learning-Center-1-2048x1536.jpg 2048w\" sizes=\"(max-width: 750px) 100vw, 750px\" title=\"Utz Wuj Learning Center (1)\" alt=\"\" \t\tclass=\"so-widget-image\"\/>\n\t<\/div>\n\n<\/div><\/div><\/div><\/div><div id=\"pg-1141-2\"  class=\"panel-grid panel-no-style\" ><div id=\"pgc-1141-2-0\"  class=\"panel-grid-cell\" ><div id=\"panel-1141-2-0-0\" class=\"so-panel widget widget_sow-image panel-first-child panel-last-child\" data-index=\"3\" ><div\n\t\t\t\n\t\t\tclass=\"so-widget-sow-image so-widget-sow-image-default-8b5b6f678277-1141\"\n\t\t\t\n\t\t>\n<div class=\"sow-image-container\">\n\t\t<img \n\tsrc=\"https:\/\/www.diktyon.info\/wp-content\/uploads\/2024\/11\/Utz-Wuj-Learning-Center-5-768x576.jpg\" width=\"750\" height=\"563\" srcset=\"https:\/\/www.diktyon.info\/wp-content\/uploads\/2024\/11\/Utz-Wuj-Learning-Center-5-768x576.jpg 768w, https:\/\/www.diktyon.info\/wp-content\/uploads\/2024\/11\/Utz-Wuj-Learning-Center-5-300x225.jpg 300w, https:\/\/www.diktyon.info\/wp-content\/uploads\/2024\/11\/Utz-Wuj-Learning-Center-5-1024x768.jpg 1024w, https:\/\/www.diktyon.info\/wp-content\/uploads\/2024\/11\/Utz-Wuj-Learning-Center-5-1536x1152.jpg 1536w, https:\/\/www.diktyon.info\/wp-content\/uploads\/2024\/11\/Utz-Wuj-Learning-Center-5-2048x1536.jpg 2048w\" sizes=\"(max-width: 750px) 100vw, 750px\" title=\"Utz Wuj Learning Center (5)\" alt=\"\" \t\tclass=\"so-widget-image\"\/>\n\t<\/div>\n\n<\/div><\/div><\/div><div id=\"pgc-1141-2-1\"  class=\"panel-grid-cell\" ><div id=\"panel-1141-2-1-0\" class=\"so-panel widget widget_sow-editor panel-first-child panel-last-child\" data-index=\"4\" ><div\n\t\t\t\n\t\t\tclass=\"so-widget-sow-editor so-widget-sow-editor-base\"\n\t\t\t\n\t\t>\n<div class=\"siteorigin-widget-tinymce textwidget\">\n\t<ul>\n<li>Cada viernes de 3 a 5 pm est\u00e1 abierta la biblioteca para cualquier persona. Siempre hay un cuento para los ni\u00f1os, m\u00e1s juegos o manualidades. Entrada gratuita.<\/li>\n<li>Prestamos libros a ni\u00f1os y adultos. Escr\u00edbenos para m\u00e1s informaci\u00f3n.<\/li>\n<li>Ofrecemos cursos de 6 semanas con reforzamiento escolar, enfocado en matem\u00e1ticas, lectura e ingl\u00e9s.<\/li>\n<li>Ofrecemos capacitaciones para maestros de primaria. Temas: matem\u00e1tica l\u00fadica, el cuento en el aula, entre otros.<\/li>\n<li>Sigue nuestra p\u00e1gina en Facebook (Centro de Aprendizaje Utz Wuj) para programas de reforzamiento escolar o entrenamiento para maestros.<\/li>\n<\/ul>\n<\/div>\n<\/div><\/div><\/div><\/div><div id=\"pg-1141-3\"  class=\"panel-grid panel-no-style\" ><div id=\"pgc-1141-3-0\"  class=\"panel-grid-cell\" ><div id=\"panel-1141-3-0-0\" class=\"so-panel widget widget_sow-image panel-first-child panel-last-child\" data-index=\"5\" ><div\n\t\t\t\n\t\t\tclass=\"so-widget-sow-image so-widget-sow-image-default-8b5b6f678277-1141\"\n\t\t\t\n\t\t>\n<div class=\"sow-image-container\">\n\t\t<img \n\tsrc=\"https:\/\/www.diktyon.info\/wp-content\/uploads\/2024\/11\/Utz-Wuj-Learning-Center-4-300x225.jpg\" width=\"300\" height=\"225\" srcset=\"https:\/\/www.diktyon.info\/wp-content\/uploads\/2024\/11\/Utz-Wuj-Learning-Center-4-300x225.jpg 300w, https:\/\/www.diktyon.info\/wp-content\/uploads\/2024\/11\/Utz-Wuj-Learning-Center-4-1024x768.jpg 1024w, https:\/\/www.diktyon.info\/wp-content\/uploads\/2024\/11\/Utz-Wuj-Learning-Center-4-768x576.jpg 768w, https:\/\/www.diktyon.info\/wp-content\/uploads\/2024\/11\/Utz-Wuj-Learning-Center-4-1536x1152.jpg 1536w, https:\/\/www.diktyon.info\/wp-content\/uploads\/2024\/11\/Utz-Wuj-Learning-Center-4-2048x1536.jpg 2048w\" sizes=\"(max-width: 300px) 100vw, 300px\" title=\"Utz Wuj Learning Center (4)\" alt=\"\" \t\tclass=\"so-widget-image\"\/>\n\t<\/div>\n\n<\/div><\/div><\/div><div id=\"pgc-1141-3-1\"  class=\"panel-grid-cell\" ><div id=\"panel-1141-3-1-0\" class=\"so-panel widget widget_sow-image panel-first-child panel-last-child\" data-index=\"6\" ><div\n\t\t\t\n\t\t\tclass=\"so-widget-sow-image so-widget-sow-image-default-8b5b6f678277-1141\"\n\t\t\t\n\t\t>\n<div class=\"sow-image-container\">\n\t\t<img \n\tsrc=\"https:\/\/www.diktyon.info\/wp-content\/uploads\/2024\/11\/Utz-Wuj-Learning-Center-9-300x225.jpg\" width=\"300\" height=\"225\" srcset=\"https:\/\/www.diktyon.info\/wp-content\/uploads\/2024\/11\/Utz-Wuj-Learning-Center-9-300x225.jpg 300w, https:\/\/www.diktyon.info\/wp-content\/uploads\/2024\/11\/Utz-Wuj-Learning-Center-9-1024x768.jpg 1024w, https:\/\/www.diktyon.info\/wp-content\/uploads\/2024\/11\/Utz-Wuj-Learning-Center-9-768x576.jpg 768w, https:\/\/www.diktyon.info\/wp-content\/uploads\/2024\/11\/Utz-Wuj-Learning-Center-9-1536x1152.jpg 1536w, https:\/\/www.diktyon.info\/wp-content\/uploads\/2024\/11\/Utz-Wuj-Learning-Center-9-2048x1536.jpg 2048w\" sizes=\"(max-width: 300px) 100vw, 300px\" title=\"Utz Wuj Learning Center (9)\" alt=\"\" \t\tclass=\"so-widget-image\"\/>\n\t<\/div>\n\n<\/div><\/div><\/div><div id=\"pgc-1141-3-2\"  class=\"panel-grid-cell\" ><div id=\"panel-1141-3-2-0\" class=\"so-panel widget widget_sow-image panel-first-child panel-last-child\" data-index=\"7\" ><div\n\t\t\t\n\t\t\tclass=\"so-widget-sow-image so-widget-sow-image-default-8b5b6f678277-1141\"\n\t\t\t\n\t\t>\n<div class=\"sow-image-container\">\n\t\t<img \n\tsrc=\"https:\/\/www.diktyon.info\/wp-content\/uploads\/2024\/11\/Utz-Wuj-Learning-Center-10-300x225.jpg\" width=\"300\" height=\"225\" srcset=\"https:\/\/www.diktyon.info\/wp-content\/uploads\/2024\/11\/Utz-Wuj-Learning-Center-10-300x225.jpg 300w, https:\/\/www.diktyon.info\/wp-content\/uploads\/2024\/11\/Utz-Wuj-Learning-Center-10-1024x768.jpg 1024w, https:\/\/www.diktyon.info\/wp-content\/uploads\/2024\/11\/Utz-Wuj-Learning-Center-10-768x576.jpg 768w, https:\/\/www.diktyon.info\/wp-content\/uploads\/2024\/11\/Utz-Wuj-Learning-Center-10-1536x1152.jpg 1536w, https:\/\/www.diktyon.info\/wp-content\/uploads\/2024\/11\/Utz-Wuj-Learning-Center-10-2048x1536.jpg 2048w\" sizes=\"(max-width: 300px) 100vw, 300px\" title=\"Utz Wuj Learning Center (10)\" alt=\"\" \t\tclass=\"so-widget-image\"\/>\n\t<\/div>\n\n<\/div><\/div><\/div><div id=\"pgc-1141-3-3\"  class=\"panel-grid-cell\" ><div id=\"panel-1141-3-3-0\" class=\"so-panel widget widget_sow-image panel-first-child panel-last-child\" data-index=\"8\" ><div\n\t\t\t\n\t\t\tclass=\"so-widget-sow-image so-widget-sow-image-default-8b5b6f678277-1141\"\n\t\t\t\n\t\t>\n<div class=\"sow-image-container\">\n\t\t<img \n\tsrc=\"https:\/\/www.diktyon.info\/wp-content\/uploads\/2024\/11\/Utz-Wuj-Learning-Center-6-300x225.jpg\" width=\"300\" height=\"225\" srcset=\"https:\/\/www.diktyon.info\/wp-content\/uploads\/2024\/11\/Utz-Wuj-Learning-Center-6-300x225.jpg 300w, https:\/\/www.diktyon.info\/wp-content\/uploads\/2024\/11\/Utz-Wuj-Learning-Center-6-1024x768.jpg 1024w, https:\/\/www.diktyon.info\/wp-content\/uploads\/2024\/11\/Utz-Wuj-Learning-Center-6-768x576.jpg 768w, https:\/\/www.diktyon.info\/wp-content\/uploads\/2024\/11\/Utz-Wuj-Learning-Center-6-1536x1152.jpg 1536w, https:\/\/www.diktyon.info\/wp-content\/uploads\/2024\/11\/Utz-Wuj-Learning-Center-6-2048x1536.jpg 2048w\" sizes=\"(max-width: 300px) 100vw, 300px\" title=\"Utz Wuj Learning Center (6)\" alt=\"\" \t\tclass=\"so-widget-image\"\/>\n\t<\/div>\n\n<\/div><\/div><\/div><\/div><div id=\"pg-1141-4\"  class=\"panel-grid panel-has-style\" ><div class=\"panel-row-style panel-row-style-for-1141-4\" ><div id=\"pgc-1141-4-0\"  class=\"panel-grid-cell\" ><div id=\"panel-1141-4-0-0\" class=\"so-panel widget widget_sow-editor panel-first-child panel-last-child\" data-index=\"9\" ><div class=\"panel-widget-style panel-widget-style-for-1141-4-0-0\" ><div\n\t\t\t\n\t\t\tclass=\"so-widget-sow-editor so-widget-sow-editor-base\"\n\t\t\t\n\t\t>\n<div class=\"siteorigin-widget-tinymce textwidget\">\n\t<h5 style=\"text-align: left;\"><span style=\"color: #ffffff;\">\u00a9 2024 Diktyon Ministries International - Guatemala<\/span><\/h5>\n<\/div>\n<\/div><\/div><\/div><\/div><div id=\"pgc-1141-4-1\"  class=\"panel-grid-cell\" ><div id=\"panel-1141-4-1-0\" class=\"so-panel widget widget_sow-editor panel-first-child panel-last-child\" data-index=\"10\" ><div class=\"panel-widget-style panel-widget-style-for-1141-4-1-0\" ><div\n\t\t\t\n\t\t\tclass=\"so-widget-sow-editor so-widget-sow-editor-base\"\n\t\t\t\n\t\t>\n<div class=\"siteorigin-widget-tinymce textwidget\">\n\t<h5 style=\"text-align: right;\"><a href=\"https:\/\/www.diktyon.info\/es\/contact\/\"><span style=\"color: #ffffff;\">CONTACTO<\/span><\/a><\/h5>\n<\/div>\n<\/div><\/div><\/div><\/div><\/div><\/div><\/div>","protected":false},"excerpt":{"rendered":"<p>Centro de aprendizaje Utz Wuj\u00a0\u00a0 Despu\u00e9s de habernos dado cuenta de la dificultad que muchas personas tienen con la comprensi\u00f3n de lectura, decidimos en 2017 iniciar un club de lectura para ni\u00f1os, para que ellos puedan mejorar su interpretaci\u00f3n desde temprana edad. Ni\u00f1os de la vecindad llegaban a casa para disfrutar cuentos e historias, aprender [&hellip;]<\/p>\n","protected":false},"author":2,"featured_media":0,"parent":0,"menu_order":0,"comment_status":"closed","ping_status":"closed","template":"","meta":{"_acf_changed":false,"footnotes":""},"class_list":["post-1141","page","type-page","status-publish","hentry"],"acf":[],"_links":{"self":[{"href":"https:\/\/www.diktyon.info\/es\/wp-json\/wp\/v2\/pages\/1141","targetHints":{"allow":["GET"]}}],"collection":[{"href":"https:\/\/www.diktyon.info\/es\/wp-json\/wp\/v2\/pages"}],"about":[{"href":"https:\/\/www.diktyon.info\/es\/wp-json\/wp\/v2\/types\/page"}],"author":[{"embeddable":true,"href":"https:\/\/www.diktyon.info\/es\/wp-json\/wp\/v2\/users\/2"}],"replies":[{"embeddable":true,"href":"https:\/\/www.diktyon.info\/es\/wp-json\/wp\/v2\/comments?post=1141"}],"version-history":[{"count":3,"href":"https:\/\/www.diktyon.info\/es\/wp-json\/wp\/v2\/pages\/1141\/revisions"}],"predecessor-version":[{"id":1186,"href":"https:\/\/www.diktyon.info\/es\/wp-json\/wp\/v2\/pages\/1141\/revisions\/1186"}],"wp:attachment":[{"href":"https:\/\/www.diktyon.info\/es\/wp-json\/wp\/v2\/media?parent=1141"}],"curies":[{"name":"wp","href":"https:\/\/api.w.org\/{rel}","templated":true}]}}