{"id":33,"date":"2017-07-24T09:09:54","date_gmt":"2017-07-24T07:09:54","guid":{"rendered":"https:\/\/pear.nl\/diktyon\/?page_id=33\/"},"modified":"2023-01-06T10:19:25","modified_gmt":"2023-01-06T09:19:25","slug":"diktyon","status":"publish","type":"page","link":"https:\/\/www.diktyon.info\/es\/","title":{"rendered":"Diktyon"},"content":{"rendered":"<div id=\"pl-33\"  class=\"panel-layout\" ><div id=\"pg-33-0\"  class=\"panel-grid panel-has-style\" ><div class=\"panel-row-style panel-row-style-for-33-0\" ><div id=\"pgc-33-0-0\"  class=\"panel-grid-cell\" ><div id=\"panel-33-0-0-0\" class=\"so-panel widget widget_sow-editor panel-first-child panel-last-child\" data-index=\"0\" ><div class=\"breedbeeld panel-widget-style panel-widget-style-for-33-0-0-0\" ><div\n\t\t\t\n\t\t\tclass=\"so-widget-sow-editor so-widget-sow-editor-base\"\n\t\t\t\n\t\t>\n<div class=\"siteorigin-widget-tinymce textwidget\">\n\t<h1 style=\"text-align: center;\">\u201cLleva la barca a la parte honda del lago, y echen all\u00ed sus redes, para pescar.\u201d<\/h1>\n<p style=\"text-align: center;\">(Lucas 5:4)<\/p>\n<\/div>\n<\/div><\/div><\/div><\/div><\/div><\/div><div id=\"pg-33-1\"  class=\"panel-grid panel-no-style\" ><div id=\"pgc-33-1-0\"  class=\"panel-grid-cell\" ><div id=\"panel-33-1-0-0\" class=\"so-panel widget widget_sow-image panel-first-child panel-last-child\" data-index=\"1\" ><div class=\"panel-widget-style panel-widget-style-for-33-1-0-0\" ><div\n\t\t\t\n\t\t\tclass=\"so-widget-sow-image so-widget-sow-image-default-113ccd71f3e6-33\"\n\t\t\t\n\t\t>\n<div class=\"sow-image-container\">\n\t\t\t<a href=\"https:\/\/www.diktyon.info\/es\/missions#biblestudies\"\n\t\t\t\t\t>\n\t\t\t<img \n\tsrc=\"https:\/\/www.diktyon.info\/wp-content\/uploads\/2019\/01\/PICT_bible.png\" width=\"591\" height=\"591\" srcset=\"https:\/\/www.diktyon.info\/wp-content\/uploads\/2019\/01\/PICT_bible.png 591w, https:\/\/www.diktyon.info\/wp-content\/uploads\/2019\/01\/PICT_bible-150x150.png 150w, https:\/\/www.diktyon.info\/wp-content\/uploads\/2019\/01\/PICT_bible-300x300.png 300w\" sizes=\"(max-width: 591px) 100vw, 591px\" title=\"Educaci\u00f3n\" alt=\"\" \t\tclass=\"so-widget-image\"\/>\n\t\t\t<\/a><\/div>\n\n<h3 class=\"widget-title\">Educaci\u00f3n<\/h3><\/div><\/div><\/div><\/div><div id=\"pgc-33-1-1\"  class=\"panel-grid-cell\" ><div id=\"panel-33-1-1-0\" class=\"so-panel widget widget_sow-image panel-first-child panel-last-child\" data-index=\"2\" ><div class=\"panel-widget-style panel-widget-style-for-33-1-1-0\" ><div\n\t\t\t\n\t\t\tclass=\"so-widget-sow-image so-widget-sow-image-default-113ccd71f3e6-33\"\n\t\t\t\n\t\t>\n<div class=\"sow-image-container\">\n\t\t\t<a href=\"https:\/\/www.diktyon.info\/es\/missions#connecting\"\n\t\t\t\t\t>\n\t\t\t<img \n\tsrc=\"https:\/\/www.diktyon.info\/wp-content\/uploads\/2019\/01\/PICT_connections.png\" width=\"591\" height=\"591\" srcset=\"https:\/\/www.diktyon.info\/wp-content\/uploads\/2019\/01\/PICT_connections.png 591w, https:\/\/www.diktyon.info\/wp-content\/uploads\/2019\/01\/PICT_connections-150x150.png 150w, https:\/\/www.diktyon.info\/wp-content\/uploads\/2019\/01\/PICT_connections-300x300.png 300w\" sizes=\"(max-width: 591px) 100vw, 591px\" title=\"Conectar\" alt=\"\" \t\tclass=\"so-widget-image\"\/>\n\t\t\t<\/a><\/div>\n\n<h3 class=\"widget-title\">Conectar<\/h3><\/div><\/div><\/div><\/div><div id=\"pgc-33-1-2\"  class=\"panel-grid-cell\" ><div id=\"panel-33-1-2-0\" class=\"so-panel widget widget_sow-image panel-first-child panel-last-child\" data-index=\"3\" ><div class=\"panel-widget-style panel-widget-style-for-33-1-2-0\" ><div\n\t\t\t\n\t\t\tclass=\"so-widget-sow-image so-widget-sow-image-default-113ccd71f3e6-33\"\n\t\t\t\n\t\t>\n<div class=\"sow-image-container\">\n\t\t\t<a href=\"https:\/\/www.diktyon.info\/es\/missions#mission\"\n\t\t\t\t\t>\n\t\t\t<img \n\tsrc=\"https:\/\/www.diktyon.info\/wp-content\/uploads\/2019\/01\/PICT_missions.png\" width=\"592\" height=\"592\" srcset=\"https:\/\/www.diktyon.info\/wp-content\/uploads\/2019\/01\/PICT_missions.png 592w, https:\/\/www.diktyon.info\/wp-content\/uploads\/2019\/01\/PICT_missions-150x150.png 150w, https:\/\/www.diktyon.info\/wp-content\/uploads\/2019\/01\/PICT_missions-300x300.png 300w\" sizes=\"(max-width: 592px) 100vw, 592px\" title=\"Misiones\" alt=\"\" \t\tclass=\"so-widget-image\"\/>\n\t\t\t<\/a><\/div>\n\n<h3 class=\"widget-title\">Misiones<\/h3><\/div><\/div><\/div><\/div><div id=\"pgc-33-1-3\"  class=\"panel-grid-cell\" ><div id=\"panel-33-1-3-0\" class=\"so-panel widget widget_sow-image panel-first-child panel-last-child\" data-index=\"4\" ><div class=\"panel-widget-style panel-widget-style-for-33-1-3-0\" ><div\n\t\t\t\n\t\t\tclass=\"so-widget-sow-image so-widget-sow-image-default-334eeca80698-33\"\n\t\t\t\n\t\t>\n<div class=\"sow-image-container\">\n\t\t\t<a href=\"https:\/\/www.diktyon.info\/es\/missions#literature\"\n\t\t\t\t\t>\n\t\t\t<img \n\tsrc=\"https:\/\/www.diktyon.info\/wp-content\/uploads\/2019\/01\/PICT_literature.png\" width=\"1182\" height=\"1182\" srcset=\"https:\/\/www.diktyon.info\/wp-content\/uploads\/2019\/01\/PICT_literature.png 1182w, https:\/\/www.diktyon.info\/wp-content\/uploads\/2019\/01\/PICT_literature-150x150.png 150w, https:\/\/www.diktyon.info\/wp-content\/uploads\/2019\/01\/PICT_literature-300x300.png 300w, https:\/\/www.diktyon.info\/wp-content\/uploads\/2019\/01\/PICT_literature-768x768.png 768w, https:\/\/www.diktyon.info\/wp-content\/uploads\/2019\/01\/PICT_literature-1024x1024.png 1024w\" sizes=\"(max-width: 1182px) 100vw, 1182px\" title=\"Literatura\" alt=\"\" \t\tclass=\"so-widget-image\"\/>\n\t\t\t<\/a><\/div>\n\n<h3 class=\"widget-title\">Literatura<\/h3><\/div><\/div><\/div><\/div><\/div><div id=\"pg-33-2\"  class=\"panel-grid panel-has-style\" ><div class=\"panel-row-style panel-row-style-for-33-2\" ><div id=\"pgc-33-2-0\"  class=\"panel-grid-cell\" ><div class=\"panel-cell-style panel-cell-style-for-33-2-0\" ><div id=\"panel-33-2-0-0\" class=\"so-panel widget widget_sow-editor panel-first-child panel-last-child\" data-index=\"5\" ><div class=\"panel-widget-style panel-widget-style-for-33-2-0-0\" ><div\n\t\t\t\n\t\t\tclass=\"so-widget-sow-editor so-widget-sow-editor-base\"\n\t\t\t\n\t\t><h3 class=\"widget-title\">Club de lectura<\/h3>\n<div class=\"siteorigin-widget-tinymce textwidget\">\n\t<p><div class=\"responsive-container\"><iframe loading=\"lazy\" title=\"In The Fight   Diktyon Reading Club\" width=\"750\" height=\"422\" src=\"https:\/\/www.youtube.com\/embed\/G9_CchvS3pg?feature=oembed\" frameborder=\"0\" allow=\"accelerometer; autoplay; clipboard-write; encrypted-media; gyroscope; picture-in-picture; web-share\" allowfullscreen><\/iframe><\/div><\/p>\n<\/div>\n<\/div><\/div><\/div><\/div><\/div><div id=\"pgc-33-2-1\"  class=\"panel-grid-cell\" ><div class=\"panel-cell-style panel-cell-style-for-33-2-1\" ><div id=\"panel-33-2-1-0\" class=\"so-panel widget widget_sow-editor panel-first-child panel-last-child\" data-index=\"6\" ><div class=\"panel-widget-style panel-widget-style-for-33-2-1-0\" ><div\n\t\t\t\n\t\t\tclass=\"so-widget-sow-editor so-widget-sow-editor-base\"\n\t\t\t\n\t\t><h3 class=\"widget-title\">Huellas en Chel<\/h3>\n<div class=\"siteorigin-widget-tinymce textwidget\">\n\t<p><div class=\"responsive-container\"><iframe loading=\"lazy\" title=\"Footprints in Chel. Diktyon Ministries - by Ron Widbin - ES SUBS\" width=\"750\" height=\"422\" src=\"https:\/\/www.youtube.com\/embed\/1AtDVG0p5go?feature=oembed\" frameborder=\"0\" allow=\"accelerometer; autoplay; clipboard-write; encrypted-media; gyroscope; picture-in-picture; web-share\" allowfullscreen><\/iframe><\/div><\/p>\n<\/div>\n<\/div><\/div><\/div><\/div><\/div><div id=\"pgc-33-2-2\"  class=\"panel-grid-cell\" ><div class=\"panel-cell-style panel-cell-style-for-33-2-2\" ><div id=\"panel-33-2-2-0\" class=\"so-panel widget widget_sow-editor panel-first-child panel-last-child\" data-index=\"7\" ><div class=\"panel-widget-style panel-widget-style-for-33-2-2-0\" ><div\n\t\t\t\n\t\t\tclass=\"so-widget-sow-editor so-widget-sow-editor-base\"\n\t\t\t\n\t\t><h3 class=\"widget-title\">Viaje a Xaxboj<\/h3>\n<div class=\"siteorigin-widget-tinymce textwidget\">\n\t<p><div class=\"responsive-container\"><iframe loading=\"lazy\" title=\"Xaxboj\" width=\"750\" height=\"422\" src=\"https:\/\/www.youtube.com\/embed\/YgiqIZ4Sdl0?feature=oembed\" frameborder=\"0\" allow=\"accelerometer; autoplay; clipboard-write; encrypted-media; gyroscope; picture-in-picture; web-share\" allowfullscreen><\/iframe><\/div><\/p>\n<\/div>\n<\/div><\/div><\/div><\/div><\/div><\/div><\/div><div id=\"pg-33-3\"  class=\"panel-grid panel-no-style\" ><div id=\"pgc-33-3-0\"  class=\"panel-grid-cell\" ><div id=\"panel-33-3-0-0\" class=\"so-panel widget widget_sow-editor panel-first-child\" data-index=\"8\" ><div\n\t\t\t\n\t\t\tclass=\"so-widget-sow-editor so-widget-sow-editor-base\"\n\t\t\t\n\t\t>\n<div class=\"siteorigin-widget-tinymce textwidget\">\n\t<h2>Diktyon Ministries<\/h2>\n<p><strong><span style=\"color: #ee113e;\">Ministerios Diktyon <\/span><\/strong> fue fundado para equipar y animar a pastores y al pueblo de Dios para llevar adelante la Gran Comisi\u00f3n que nos dej\u00f3 el Se\u00f1or Jes\u00fas. Llevamos a cabo esta misi\u00f3n en el altiplano guatemalteco a trav\u00e9s de:<br \/>\n1. Educaci\u00f3n<br \/>\n2. Distribuci\u00f3n de literatura<br \/>\n3. Movilizaci\u00f3n de misioneros<br \/>\n4. Conexi\u00f3n de necesidades y ministerios.<\/p>\n<p><a href=\"https:\/\/www.diktyon.info\/es\/missions\">Lea m\u00e1s acerca de nuestro trabajo &gt;&gt;<\/a><\/p>\n<\/div>\n<\/div><\/div><div id=\"panel-33-3-0-1\" class=\"so-panel widget widget_sow-slider\" data-index=\"9\" ><div\n\t\t\t\n\t\t\tclass=\"so-widget-sow-slider so-widget-sow-slider-default-6d39609536fd-33\"\n\t\t\t\n\t\t>\t\t\t\t<div class=\"sow-slider-base\" style=\"display: none\" tabindex=\"0\">\n\t\t\t\t\t<ul\n\t\t\t\t\tclass=\"sow-slider-images\"\n\t\t\t\t\tdata-settings=\"{&quot;pagination&quot;:true,&quot;speed&quot;:800,&quot;timeout&quot;:5000,&quot;paused&quot;:false,&quot;pause_on_hover&quot;:false,&quot;swipe&quot;:true,&quot;nav_always_show_desktop&quot;:&quot;&quot;,&quot;nav_always_show_mobile&quot;:&quot;&quot;,&quot;breakpoint&quot;:&quot;780px&quot;,&quot;unmute&quot;:false,&quot;anchor&quot;:null}\"\n\t\t\t\t\t\t\t\t\t\tdata-anchor-id=\"\"\n\t\t\t\t>\t\t<li class=\"sow-slider-image\" style=\"visibility: visible;\" >\n\t\t\t\t\t\t<img loading=\"lazy\" decoding=\"async\" width=\"1000\" height=\"662\" src=\"https:\/\/www.diktyon.info\/wp-content\/uploads\/2019\/01\/Slider6.jpg\" class=\"sow-slider-background-image\" alt=\"\" style=\"\" srcset=\"https:\/\/www.diktyon.info\/wp-content\/uploads\/2019\/01\/Slider6.jpg 1000w, https:\/\/www.diktyon.info\/wp-content\/uploads\/2019\/01\/Slider6-300x199.jpg 300w, https:\/\/www.diktyon.info\/wp-content\/uploads\/2019\/01\/Slider6-768x508.jpg 768w\" sizes=\"auto, (max-width: 1000px) 100vw, 1000px\" \/>\t\t<\/li>\n\t\t\t\t<li class=\"sow-slider-image\" style=\"visibility: hidden;\" >\n\t\t\t\t\t\t<img loading=\"lazy\" decoding=\"async\" width=\"1000\" height=\"662\" src=\"https:\/\/www.diktyon.info\/wp-content\/uploads\/2019\/01\/Slider5.jpg\" class=\"sow-slider-background-image\" alt=\"\" style=\"\" srcset=\"https:\/\/www.diktyon.info\/wp-content\/uploads\/2019\/01\/Slider5.jpg 1000w, https:\/\/www.diktyon.info\/wp-content\/uploads\/2019\/01\/Slider5-300x199.jpg 300w, https:\/\/www.diktyon.info\/wp-content\/uploads\/2019\/01\/Slider5-768x508.jpg 768w\" sizes=\"auto, (max-width: 1000px) 100vw, 1000px\" \/>\t\t<\/li>\n\t\t\t\t<li class=\"sow-slider-image\" style=\"visibility: hidden;\" >\n\t\t\t\t\t\t<img loading=\"lazy\" decoding=\"async\" width=\"1000\" height=\"662\" src=\"https:\/\/www.diktyon.info\/wp-content\/uploads\/2019\/01\/Slider2.jpg\" class=\"sow-slider-background-image\" alt=\"\" style=\"\" srcset=\"https:\/\/www.diktyon.info\/wp-content\/uploads\/2019\/01\/Slider2.jpg 1000w, https:\/\/www.diktyon.info\/wp-content\/uploads\/2019\/01\/Slider2-300x199.jpg 300w, https:\/\/www.diktyon.info\/wp-content\/uploads\/2019\/01\/Slider2-768x508.jpg 768w\" sizes=\"auto, (max-width: 1000px) 100vw, 1000px\" \/>\t\t<\/li>\n\t\t\t\t<li class=\"sow-slider-image\" style=\"visibility: hidden;\" >\n\t\t\t\t\t\t<img loading=\"lazy\" decoding=\"async\" width=\"1000\" height=\"662\" src=\"https:\/\/www.diktyon.info\/wp-content\/uploads\/2019\/01\/Slider4.jpg\" class=\"sow-slider-background-image\" alt=\"\" style=\"\" srcset=\"https:\/\/www.diktyon.info\/wp-content\/uploads\/2019\/01\/Slider4.jpg 1000w, https:\/\/www.diktyon.info\/wp-content\/uploads\/2019\/01\/Slider4-300x199.jpg 300w, https:\/\/www.diktyon.info\/wp-content\/uploads\/2019\/01\/Slider4-768x508.jpg 768w\" sizes=\"auto, (max-width: 1000px) 100vw, 1000px\" \/>\t\t<\/li>\n\t\t\t\t<li class=\"sow-slider-image\" style=\"visibility: hidden;\" >\n\t\t\t\t\t\t<img loading=\"lazy\" decoding=\"async\" width=\"1000\" height=\"662\" src=\"https:\/\/www.diktyon.info\/wp-content\/uploads\/2019\/01\/Slider1.jpg\" class=\"sow-slider-background-image\" alt=\"\" style=\"\" srcset=\"https:\/\/www.diktyon.info\/wp-content\/uploads\/2019\/01\/Slider1.jpg 1000w, https:\/\/www.diktyon.info\/wp-content\/uploads\/2019\/01\/Slider1-300x199.jpg 300w, https:\/\/www.diktyon.info\/wp-content\/uploads\/2019\/01\/Slider1-768x508.jpg 768w\" sizes=\"auto, (max-width: 1000px) 100vw, 1000px\" \/>\t\t<\/li>\n\t\t\t\t<li class=\"sow-slider-image\" style=\"visibility: hidden;\" >\n\t\t\t\t\t\t<img loading=\"lazy\" decoding=\"async\" width=\"1000\" height=\"662\" src=\"https:\/\/www.diktyon.info\/wp-content\/uploads\/2019\/01\/Slider3.jpg\" class=\"sow-slider-background-image\" alt=\"\" style=\"\" srcset=\"https:\/\/www.diktyon.info\/wp-content\/uploads\/2019\/01\/Slider3.jpg 1000w, https:\/\/www.diktyon.info\/wp-content\/uploads\/2019\/01\/Slider3-300x199.jpg 300w, https:\/\/www.diktyon.info\/wp-content\/uploads\/2019\/01\/Slider3-768x508.jpg 768w\" sizes=\"auto, (max-width: 1000px) 100vw, 1000px\" \/>\t\t<\/li>\n\t\t<\/ul>\t\t\t\t<ol class=\"sow-slider-pagination\">\n\t\t\t\t\t\t\t\t\t\t\t<li><a href=\"#\" data-goto=\"0\" aria-label=\"mostrar diapositiva 1\"><\/a><\/li>\n\t\t\t\t\t\t\t\t\t\t\t<li><a href=\"#\" data-goto=\"1\" aria-label=\"mostrar diapositiva 2\"><\/a><\/li>\n\t\t\t\t\t\t\t\t\t\t\t<li><a href=\"#\" data-goto=\"2\" aria-label=\"mostrar diapositiva 3\"><\/a><\/li>\n\t\t\t\t\t\t\t\t\t\t\t<li><a href=\"#\" data-goto=\"3\" aria-label=\"mostrar diapositiva 4\"><\/a><\/li>\n\t\t\t\t\t\t\t\t\t\t\t<li><a href=\"#\" data-goto=\"4\" aria-label=\"mostrar diapositiva 5\"><\/a><\/li>\n\t\t\t\t\t\t\t\t\t\t\t<li><a href=\"#\" data-goto=\"5\" aria-label=\"mostrar diapositiva 6\"><\/a><\/li>\n\t\t\t\t\t\t\t\t\t<\/ol>\n\n\t\t\t\t<div class=\"sow-slide-nav sow-slide-nav-next\">\n\t\t\t\t\t<a href=\"#\" data-goto=\"next\" aria-label=\"diapositiva siguiente\" data-action=\"next\">\n\t\t\t\t\t\t<em class=\"sow-sld-icon-thin-right\"><\/em>\n\t\t\t\t\t<\/a>\n\t\t\t\t<\/div>\n\n\t\t\t\t<div class=\"sow-slide-nav sow-slide-nav-prev\">\n\t\t\t\t\t<a href=\"#\" data-goto=\"previous\" aria-label=\"diapositiva anterior\" data-action=\"prev\">\n\t\t\t\t\t\t<em class=\"sow-sld-icon-thin-left\"><\/em>\n\t\t\t\t\t<\/a>\n\t\t\t\t<\/div>\n\t\t\t\t<\/div><\/div><\/div><div id=\"panel-33-3-0-2\" class=\"so-panel widget widget_sow-button panel-last-child\" data-index=\"10\" ><div class=\"panel-widget-style panel-widget-style-for-33-3-0-2\" ><div\n\t\t\t\n\t\t\tclass=\"so-widget-sow-button so-widget-sow-button-atom-58deb49aefa9-33\"\n\t\t\t\n\t\t><div class=\"ow-button-base ow-button-align-center\"\n>\n\t\t\t<a\n\t\t\t\t\thref=\"https:\/\/www.diktyon.info\/es\/support\/\"\n\t\t\t\t\tclass=\"sowb-button ow-icon-placement-left ow-button-hover\" \t>\n\t\t<span>\n\t\t\t<span class=\"sow-icon-fontawesome sow-fas\" data-sow-icon=\"&#xf1ae;\"\n\t\tstyle=\"color: #ffffff\" \n\t\taria-hidden=\"true\"><\/span>\n\t\t\t\u00bfQuieres ayudar?\t\t<\/span>\n\t\t\t<\/a>\n\t<\/div>\n<\/div><\/div><\/div><\/div><div id=\"pgc-33-3-1\"  class=\"panel-grid-cell\" ><div class=\"panel-cell-style panel-cell-style-for-33-3-1\" ><div id=\"panel-33-3-1-0\" class=\"so-panel widget widget_sow-editor panel-first-child\" data-index=\"11\" ><div\n\t\t\t\n\t\t\tclass=\"so-widget-sow-editor so-widget-sow-editor-base\"\n\t\t\t\n\t\t>\n<div class=\"siteorigin-widget-tinymce textwidget\">\n\t<h3>Amigos<\/h3>\n<\/div>\n<\/div><\/div><div id=\"panel-33-3-1-1\" class=\"so-panel widget widget_siteorigin-panels-builder panel-last-child\" data-index=\"12\" ><div id=\"pl-w63b7e77a85aec\"  class=\"panel-layout\" ><div id=\"pg-w63b7e77a85aec-0\"  class=\"panel-grid panel-no-style\" ><div id=\"pgc-w63b7e77a85aec-0-0\"  class=\"panel-grid-cell\" ><div id=\"panel-w63b7e77a85aec-0-0-0\" class=\"so-panel widget widget_sow-image panel-first-child\" data-index=\"0\" ><div class=\"panel-widget-style panel-widget-style-for-w63b7e77a85aec-0-0-0\" ><div\n\t\t\t\n\t\t\tclass=\"so-widget-sow-image so-widget-sow-image-default-113ccd71f3e6\"\n\t\t\t\n\t\t>\n<div class=\"sow-image-container\">\n\t\t\t<a href=\"https:\/\/aselsi.org\/\"\n\t\t\ttarget=\"_blank\" rel=\"noopener noreferrer\" \t\t>\n\t\t\t<img \n\tsrc=\"https:\/\/www.diktyon.info\/wp-content\/uploads\/2019\/01\/Aselsi-Logo.jpg\" width=\"1000\" height=\"350\" srcset=\"https:\/\/www.diktyon.info\/wp-content\/uploads\/2019\/01\/Aselsi-Logo.jpg 1000w, https:\/\/www.diktyon.info\/wp-content\/uploads\/2019\/01\/Aselsi-Logo-300x105.jpg 300w, https:\/\/www.diktyon.info\/wp-content\/uploads\/2019\/01\/Aselsi-Logo-768x269.jpg 768w\" sizes=\"(max-width: 1000px) 100vw, 1000px\" title=\"Aselsi\" alt=\"ASELSI is the Association Equipping the Saints International, A Guatemalan ministry, focused on training leaders and serving the poor.\" \t\tclass=\"so-widget-image\"\/>\n\t\t\t<\/a><\/div>\n\n<\/div><\/div><\/div><div id=\"panel-w63b7e77a85aec-0-0-1\" class=\"so-panel widget widget_sow-image\" data-index=\"1\" ><div class=\"panel-widget-style panel-widget-style-for-w63b7e77a85aec-0-0-1\" ><div\n\t\t\t\n\t\t\tclass=\"so-widget-sow-image so-widget-sow-image-default-113ccd71f3e6\"\n\t\t\t\n\t\t>\n<div class=\"sow-image-container\">\n\t\t\t<a href=\"http:\/\/zendingengemeente.nl\/guatemala\/\"\n\t\t\ttarget=\"_blank\" rel=\"noopener noreferrer\" \t\t>\n\t\t\t<img \n\tsrc=\"https:\/\/www.diktyon.info\/wp-content\/uploads\/2019\/01\/Zending-Gemeente-Logo.jpg\" width=\"1000\" height=\"350\" srcset=\"https:\/\/www.diktyon.info\/wp-content\/uploads\/2019\/01\/Zending-Gemeente-Logo.jpg 1000w, https:\/\/www.diktyon.info\/wp-content\/uploads\/2019\/01\/Zending-Gemeente-Logo-300x105.jpg 300w, https:\/\/www.diktyon.info\/wp-content\/uploads\/2019\/01\/Zending-Gemeente-Logo-768x269.jpg 768w\" sizes=\"(max-width: 1000px) 100vw, 1000px\" title=\"Zending en Gemeente\" alt=\"Het doel van de stichting Zending en Gemeente is om het evangelie van Jezus Christus te brengen in woord en daad in de landen van Midden- en Zuid-Amerika.\" \t\tclass=\"so-widget-image\"\/>\n\t\t\t<\/a><\/div>\n\n<\/div><\/div><\/div><div id=\"panel-w63b7e77a85aec-0-0-2\" class=\"so-panel widget widget_sow-image\" data-index=\"2\" ><div class=\"panel-widget-style panel-widget-style-for-w63b7e77a85aec-0-0-2\" ><div\n\t\t\t\n\t\t\tclass=\"so-widget-sow-image so-widget-sow-image-default-113ccd71f3e6\"\n\t\t\t\n\t\t>\n<div class=\"sow-image-container\">\n\t\t\t<a href=\"https:\/\/www.noorderkerk.org\/\"\n\t\t\ttarget=\"_blank\" rel=\"noopener noreferrer\" \t\t>\n\t\t\t<img \n\tsrc=\"https:\/\/www.diktyon.info\/wp-content\/uploads\/2019\/01\/Noorderkerk-Logo.jpg\" width=\"1000\" height=\"350\" srcset=\"https:\/\/www.diktyon.info\/wp-content\/uploads\/2019\/01\/Noorderkerk-Logo.jpg 1000w, https:\/\/www.diktyon.info\/wp-content\/uploads\/2019\/01\/Noorderkerk-Logo-300x105.jpg 300w, https:\/\/www.diktyon.info\/wp-content\/uploads\/2019\/01\/Noorderkerk-Logo-768x269.jpg 768w\" sizes=\"(max-width: 1000px) 100vw, 1000px\" title=\"Noorderkerk\" alt=\"Noorderkerk is een Hervormde PKN gemeente in Amsterdam.\" \t\tclass=\"so-widget-image\"\/>\n\t\t\t<\/a><\/div>\n\n<\/div><\/div><\/div><div id=\"panel-w63b7e77a85aec-0-0-3\" class=\"so-panel widget widget_sow-image\" data-index=\"3\" ><div class=\"panel-widget-style panel-widget-style-for-w63b7e77a85aec-0-0-3\" ><div\n\t\t\t\n\t\t\tclass=\"so-widget-sow-image so-widget-sow-image-default-113ccd71f3e6\"\n\t\t\t\n\t\t>\n<div class=\"sow-image-container\">\n\t\t\t<a href=\"http:\/\/www.umg.edu.gt\/facultades\/teologia\/\"\n\t\t\ttarget=\"_blank\" rel=\"noopener noreferrer\" \t\t>\n\t\t\t<img \n\tsrc=\"https:\/\/www.diktyon.info\/wp-content\/uploads\/2019\/01\/UMG-Logo.jpg\" width=\"1000\" height=\"350\" srcset=\"https:\/\/www.diktyon.info\/wp-content\/uploads\/2019\/01\/UMG-Logo.jpg 1000w, https:\/\/www.diktyon.info\/wp-content\/uploads\/2019\/01\/UMG-Logo-300x105.jpg 300w, https:\/\/www.diktyon.info\/wp-content\/uploads\/2019\/01\/UMG-Logo-768x269.jpg 768w\" sizes=\"(max-width: 1000px) 100vw, 1000px\" title=\"Facultades Teolog\u00eda\" alt=\"Universidad Mariano G\u00e1lvez de Guatemala &gt; Facultades y Escuelas &gt; Teolog\u00eda\" \t\tclass=\"so-widget-image\"\/>\n\t\t\t<\/a><\/div>\n\n<\/div><\/div><\/div><div id=\"panel-w63b7e77a85aec-0-0-4\" class=\"so-panel widget widget_sow-image\" data-index=\"4\" ><div class=\"panel-widget-style panel-widget-style-for-w63b7e77a85aec-0-0-4\" ><div\n\t\t\t\n\t\t\tclass=\"so-widget-sow-image so-widget-sow-image-default-113ccd71f3e6\"\n\t\t\t\n\t\t>\n<div class=\"sow-image-container\">\n\t\t\t<a href=\"http:\/\/gatewaypeople.com\/\"\n\t\t\ttarget=\"_blank\" rel=\"noopener noreferrer\" \t\t>\n\t\t\t<img \n\tsrc=\"https:\/\/www.diktyon.info\/wp-content\/uploads\/2019\/01\/Gateway-Logo.jpg\" width=\"1000\" height=\"350\" srcset=\"https:\/\/www.diktyon.info\/wp-content\/uploads\/2019\/01\/Gateway-Logo.jpg 1000w, https:\/\/www.diktyon.info\/wp-content\/uploads\/2019\/01\/Gateway-Logo-300x105.jpg 300w, https:\/\/www.diktyon.info\/wp-content\/uploads\/2019\/01\/Gateway-Logo-768x269.jpg 768w\" sizes=\"(max-width: 1000px) 100vw, 1000px\" title=\"Gateway\" alt=\"Gateway Church is a non-denominational, charismatic Christian church.\" \t\tclass=\"so-widget-image\"\/>\n\t\t\t<\/a><\/div>\n\n<\/div><\/div><\/div><div id=\"panel-w63b7e77a85aec-0-0-5\" class=\"so-panel widget widget_sow-image panel-last-child\" data-index=\"5\" ><div class=\"panel-widget-style panel-widget-style-for-w63b7e77a85aec-0-0-5\" ><div\n\t\t\t\n\t\t\tclass=\"so-widget-sow-image so-widget-sow-image-default-113ccd71f3e6\"\n\t\t\t\n\t\t>\n<div class=\"sow-image-container\">\n\t\t\t<a href=\"https:\/\/www.cfni.org\/\"\n\t\t\ttarget=\"_blank\" rel=\"noopener noreferrer\" \t\t>\n\t\t\t<img \n\tsrc=\"https:\/\/www.diktyon.info\/wp-content\/uploads\/2019\/02\/Cfni-Logo.jpg\" width=\"1000\" height=\"350\" srcset=\"https:\/\/www.diktyon.info\/wp-content\/uploads\/2019\/02\/Cfni-Logo.jpg 1000w, https:\/\/www.diktyon.info\/wp-content\/uploads\/2019\/02\/Cfni-Logo-300x105.jpg 300w, https:\/\/www.diktyon.info\/wp-content\/uploads\/2019\/02\/Cfni-Logo-768x269.jpg 768w\" sizes=\"(max-width: 1000px) 100vw, 1000px\" title=\"Christ For The Nations Institute\" alt=\"Christ For The Nations is an international missions and ministry education organization.\" \t\tclass=\"so-widget-image\"\/>\n\t\t\t<\/a><\/div>\n\n<\/div><\/div><\/div><\/div><\/div><\/div><\/div><\/div><\/div><\/div><div id=\"pg-33-4\"  class=\"panel-grid panel-has-style\" ><div class=\"panel-row-style panel-row-style-for-33-4\" ><div id=\"pgc-33-4-0\"  class=\"panel-grid-cell\" ><div id=\"panel-33-4-0-0\" class=\"so-panel widget widget_sow-editor panel-first-child panel-last-child\" data-index=\"13\" ><div class=\"panel-widget-style panel-widget-style-for-33-4-0-0\" ><div\n\t\t\t\n\t\t\tclass=\"so-widget-sow-editor so-widget-sow-editor-base\"\n\t\t\t\n\t\t>\n<div class=\"siteorigin-widget-tinymce textwidget\">\n\t<h5 style=\"text-align: left;\"><span style=\"color: #ffffff;\">\u00a9 2019 Diktyon Ministries International - Guatemala<\/span><\/h5>\n<\/div>\n<\/div><\/div><\/div><\/div><div id=\"pgc-33-4-1\"  class=\"panel-grid-cell\" ><div id=\"panel-33-4-1-0\" class=\"so-panel widget widget_sow-editor panel-first-child panel-last-child\" data-index=\"14\" ><div class=\"panel-widget-style panel-widget-style-for-33-4-1-0\" ><div\n\t\t\t\n\t\t\tclass=\"so-widget-sow-editor so-widget-sow-editor-base\"\n\t\t\t\n\t\t>\n<div class=\"siteorigin-widget-tinymce textwidget\">\n\t<h5 style=\"text-align: right;\"><a href=\"https:\/\/www.diktyon.info\/es\/contact\/\"><span style=\"color: #ffffff;\">CONTACT<\/span><\/a><\/h5>\n<\/div>\n<\/div><\/div><\/div><\/div><\/div><\/div><\/div>","protected":false},"excerpt":{"rendered":"<p>\u201cLleva la barca a la parte honda del lago, y echen all\u00ed sus redes, para pescar.\u201d (Lucas 5:4)<\/p>\n","protected":false},"author":1,"featured_media":0,"parent":0,"menu_order":0,"comment_status":"closed","ping_status":"closed","template":"","meta":{"_acf_changed":false,"footnotes":""},"class_list":["post-33","page","type-page","status-publish","hentry"],"acf":[],"_links":{"self":[{"href":"https:\/\/www.diktyon.info\/es\/wp-json\/wp\/v2\/pages\/33","targetHints":{"allow":["GET"]}}],"collection":[{"href":"https:\/\/www.diktyon.info\/es\/wp-json\/wp\/v2\/pages"}],"about":[{"href":"https:\/\/www.diktyon.info\/es\/wp-json\/wp\/v2\/types\/page"}],"author":[{"embeddable":true,"href":"https:\/\/www.diktyon.info\/es\/wp-json\/wp\/v2\/users\/1"}],"replies":[{"embeddable":true,"href":"https:\/\/www.diktyon.info\/es\/wp-json\/wp\/v2\/comments?post=33"}],"version-history":[{"count":57,"href":"https:\/\/www.diktyon.info\/es\/wp-json\/wp\/v2\/pages\/33\/revisions"}],"predecessor-version":[{"id":1088,"href":"https:\/\/www.diktyon.info\/es\/wp-json\/wp\/v2\/pages\/33\/revisions\/1088"}],"wp:attachment":[{"href":"https:\/\/www.diktyon.info\/es\/wp-json\/wp\/v2\/media?parent=33"}],"curies":[{"name":"wp","href":"https:\/\/api.w.org\/{rel}","templated":true}]}}