{"id":487,"date":"2017-10-16T23:16:36","date_gmt":"2017-10-16T21:16:36","guid":{"rendered":"https:\/\/pear.nl\/diktyon\/biography\/"},"modified":"2024-11-19T22:46:22","modified_gmt":"2024-11-19T21:46:22","slug":"biography","status":"publish","type":"page","link":"https:\/\/www.diktyon.info\/es\/biography\/","title":{"rendered":"Biograf\u00eda"},"content":{"rendered":"<div id=\"pl-487\"  class=\"panel-layout\" ><div id=\"pg-487-0\"  class=\"panel-grid panel-no-style\" ><div id=\"pgc-487-0-0\"  class=\"panel-grid-cell\" ><div id=\"panel-487-0-0-0\" class=\"so-panel widget widget_sow-image panel-first-child panel-last-child\" data-index=\"0\" ><div\n\t\t\t\n\t\t\tclass=\"so-widget-sow-image so-widget-sow-image-default-dbf295114b96-487\"\n\t\t\t\n\t\t>\n<div class=\"sow-image-container\">\n\t\t<img \n\tsrc=\"https:\/\/www.diktyon.info\/wp-content\/uploads\/2017\/12\/Foto-J-Januari-2017.jpg\" width=\"517\" height=\"661\" srcset=\"https:\/\/www.diktyon.info\/wp-content\/uploads\/2017\/12\/Foto-J-Januari-2017.jpg 517w, https:\/\/www.diktyon.info\/wp-content\/uploads\/2017\/12\/Foto-J-Januari-2017-235x300.jpg 235w\" sizes=\"(max-width: 517px) 100vw, 517px\" title=\"Foto J Januari 2017\" alt=\"\" \t\tclass=\"so-widget-image\"\/>\n\t<\/div>\n\n<\/div><\/div><\/div><div id=\"pgc-487-0-1\"  class=\"panel-grid-cell\" ><div id=\"panel-487-0-1-0\" class=\"so-panel widget widget_sow-editor panel-first-child panel-last-child\" data-index=\"1\" ><div\n\t\t\t\n\t\t\tclass=\"so-widget-sow-editor so-widget-sow-editor-base\"\n\t\t\t\n\t\t>\n<div class=\"siteorigin-widget-tinymce textwidget\">\n\t<h1>Jorge Rojas<\/h1>\n<h3 style=\"text-align: left;\"><strong>Nacido en Buenos Aires, Argentina<\/strong><\/h3>\n<p>Jorge Rojas naci\u00f3 en Buenos Aires, Argentina. Despu\u00e9s de una adolescencia salvaje Jorge conoci\u00f3 a Cristo por un hermano del movimiento Carism\u00e1tico Cat\u00f3lico. Ingres\u00f3 al seminario para ser sacerdote, pero unos meses antes de su ordenaci\u00f3n, se dio cuenta que esto no era lo que Dios quer\u00eda de \u00e9l. Empez\u00f3 a ense\u00f1ar religi\u00f3n y filosof\u00eda en Escuelas Secundarias y trabaj\u00f3 en la rehabilitaci\u00f3n de drogadictos.<\/p>\n<p>En 2004-2005 estudi\u00f3 Teolog\u00eda Pastoral en el Instituto Cristo Para las Naciones en Dallas, Texas. Su pr\u00e1ctica la realiz\u00f3 en la Iglesia Gateway. En 2007 esta iglesia le envi\u00f3 a Guatemala, donde ense\u00f1\u00f3 en una escuela en la Zona Reina, El Quich\u00e9. Desde 2010 vive con su esposa e hijos en Chichicastenango. Ha predicado y entrenado pastores y l\u00edderes en Argentina, EEUU, Ecuador, Venezuela, M\u00e9xico, Holanda y Uruguay. Es licenciado en Teolog\u00eda Sistem\u00e1tica y Magister en Estudios B\u00edblicos; catedr\u00e1tico en la facultad de Teolog\u00eda de la Universidad Mariano G\u00e1lvez de Guatemala, en la misma facultad ha culminado su Doctorado en Sociolog\u00eda de la Religi\u00f3n.<\/p>\n<\/div>\n<\/div><\/div><\/div><\/div><div id=\"pg-487-1\"  class=\"panel-grid panel-no-style\" ><div id=\"pgc-487-1-0\"  class=\"panel-grid-cell\" ><div id=\"panel-487-1-0-0\" class=\"so-panel widget widget_sow-image panel-first-child panel-last-child\" data-index=\"2\" ><div\n\t\t\t\n\t\t\tclass=\"so-widget-sow-image so-widget-sow-image-default-dbf295114b96-487\"\n\t\t\t\n\t\t>\n<div class=\"sow-image-container\">\n\t\t<img \n\tsrc=\"https:\/\/www.diktyon.info\/wp-content\/uploads\/2017\/12\/Foto-M-Januari-2017.jpg\" width=\"527\" height=\"661\" srcset=\"https:\/\/www.diktyon.info\/wp-content\/uploads\/2017\/12\/Foto-M-Januari-2017.jpg 527w, https:\/\/www.diktyon.info\/wp-content\/uploads\/2017\/12\/Foto-M-Januari-2017-239x300.jpg 239w\" sizes=\"(max-width: 527px) 100vw, 527px\" title=\"Foto M Januari 2017\" alt=\"\" \t\tclass=\"so-widget-image\"\/>\n\t<\/div>\n\n<\/div><\/div><\/div><div id=\"pgc-487-1-1\"  class=\"panel-grid-cell\" ><div id=\"panel-487-1-1-0\" class=\"so-panel widget widget_sow-editor panel-first-child panel-last-child\" data-index=\"3\" ><div\n\t\t\t\n\t\t\tclass=\"so-widget-sow-editor so-widget-sow-editor-base\"\n\t\t\t\n\t\t>\n<div class=\"siteorigin-widget-tinymce textwidget\">\n\t<h1>Marieta Rojas-Koorevaar<\/h1>\n<h3 style=\"text-align: left;\"><strong>Nacida en Wijngaarden, Los Pa\u00edses Bajos<\/strong><\/h3>\n<p>Desde su ni\u00f1ez siempre ha sido activa en la iglesia y en trabajos misioneros, incluyendo B\u00e9lgica, Espa\u00f1a y Ecuador. Es Licenciada en Biolog\u00eda M\u00e9dica; ense\u00f1\u00f3 cuatro a\u00f1os en una escuela secundaria en Holanda. En 2006, fue enviada a Guatemala por la iglesia Noorderkerk de \u00c1msterdam. All\u00ed empez\u00f3 a ense\u00f1ar matem\u00e1ticas y ciencias naturales en una escuela en la Zona Reina, donde conoci\u00f3 a Jorge. Ha sido directora del Instituto B\u00edblico ASELSI. Ahora se dedica a ser madre y maestra de sus tres hijos, y movilizadora de lectores a trav\u00e9s del Centro de Aprendizaje y la distribuci\u00f3n y venta de libros cristianos.<\/p>\n<p>&nbsp;<\/p>\n<\/div>\n<\/div><\/div><\/div><\/div><div id=\"pg-487-2\"  class=\"panel-grid panel-has-style\" ><div class=\"panel-row-style panel-row-style-for-487-2\" ><div id=\"pgc-487-2-0\"  class=\"panel-grid-cell\" ><div id=\"panel-487-2-0-0\" class=\"so-panel widget widget_sow-editor panel-first-child panel-last-child\" data-index=\"4\" ><div class=\"panel-widget-style panel-widget-style-for-487-2-0-0\" ><div\n\t\t\t\n\t\t\tclass=\"so-widget-sow-editor so-widget-sow-editor-base\"\n\t\t\t\n\t\t>\n<div class=\"siteorigin-widget-tinymce textwidget\">\n\t<h5 style=\"text-align: left;\"><span style=\"color: #ffffff;\">\u00a9 2024 Diktyon Ministries International - Guatemala<\/span><\/h5>\n<\/div>\n<\/div><\/div><\/div><\/div><div id=\"pgc-487-2-1\"  class=\"panel-grid-cell\" ><div id=\"panel-487-2-1-0\" class=\"so-panel widget widget_sow-editor panel-first-child panel-last-child\" data-index=\"5\" ><div class=\"panel-widget-style panel-widget-style-for-487-2-1-0\" ><div\n\t\t\t\n\t\t\tclass=\"so-widget-sow-editor so-widget-sow-editor-base\"\n\t\t\t\n\t\t>\n<div class=\"siteorigin-widget-tinymce textwidget\">\n\t<h5 style=\"text-align: right;\"><a href=\"https:\/\/www.diktyon.info\/es\/contact\/\"><span style=\"color: #ffffff;\">CONTACT<\/span><\/a><\/h5>\n<\/div>\n<\/div><\/div><\/div><\/div><\/div><\/div><\/div>","protected":false},"excerpt":{"rendered":"<p>Jorge Rojas Nacido en Buenos Aires, Argentina Jorge Rojas naci\u00f3 en Buenos Aires, Argentina. Despu\u00e9s de una adolescencia salvaje Jorge conoci\u00f3 a Cristo por un hermano del movimiento Carism\u00e1tico Cat\u00f3lico. Ingres\u00f3 al seminario para ser sacerdote, pero unos meses antes de su ordenaci\u00f3n, se dio cuenta que esto no era lo que Dios quer\u00eda de [&hellip;]<\/p>\n","protected":false},"author":2,"featured_media":0,"parent":0,"menu_order":0,"comment_status":"closed","ping_status":"closed","template":"","meta":{"_acf_changed":false,"footnotes":""},"class_list":["post-487","page","type-page","status-publish","hentry"],"acf":[],"_links":{"self":[{"href":"https:\/\/www.diktyon.info\/es\/wp-json\/wp\/v2\/pages\/487","targetHints":{"allow":["GET"]}}],"collection":[{"href":"https:\/\/www.diktyon.info\/es\/wp-json\/wp\/v2\/pages"}],"about":[{"href":"https:\/\/www.diktyon.info\/es\/wp-json\/wp\/v2\/types\/page"}],"author":[{"embeddable":true,"href":"https:\/\/www.diktyon.info\/es\/wp-json\/wp\/v2\/users\/2"}],"replies":[{"embeddable":true,"href":"https:\/\/www.diktyon.info\/es\/wp-json\/wp\/v2\/comments?post=487"}],"version-history":[{"count":42,"href":"https:\/\/www.diktyon.info\/es\/wp-json\/wp\/v2\/pages\/487\/revisions"}],"predecessor-version":[{"id":1218,"href":"https:\/\/www.diktyon.info\/es\/wp-json\/wp\/v2\/pages\/487\/revisions\/1218"}],"wp:attachment":[{"href":"https:\/\/www.diktyon.info\/es\/wp-json\/wp\/v2\/media?parent=487"}],"curies":[{"name":"wp","href":"https:\/\/api.w.org\/{rel}","templated":true}]}}