{"id":491,"date":"2017-07-24T09:10:10","date_gmt":"2017-07-24T07:10:10","guid":{"rendered":"https:\/\/pear.nl\/diktyon\/missions\/"},"modified":"2019-01-17T21:01:54","modified_gmt":"2019-01-17T20:01:54","slug":"missions","status":"publish","type":"page","link":"https:\/\/www.diktyon.info\/es\/missions\/","title":{"rendered":"Nuestro Trabajo"},"content":{"rendered":"<div id=\"pl-491\"  class=\"panel-layout\" ><div id=\"pg-491-0\"  class=\"panel-grid panel-no-style\" ><div id=\"pgc-491-0-0\"  class=\"panel-grid-cell\" ><div id=\"panel-491-0-0-0\" class=\"so-panel widget widget_media_image panel-first-child panel-last-child\" data-index=\"0\" ><img loading=\"lazy\" decoding=\"async\" width=\"1600\" height=\"596\" src=\"https:\/\/www.diktyon.info\/wp-content\/uploads\/2017\/10\/IMG_0065-e1508186562867.jpg\" class=\"image wp-image-106  attachment-full size-full\" alt=\"\" style=\"max-width: 100%; height: auto;\" srcset=\"https:\/\/www.diktyon.info\/wp-content\/uploads\/2017\/10\/IMG_0065-e1508186562867.jpg 1600w, https:\/\/www.diktyon.info\/wp-content\/uploads\/2017\/10\/IMG_0065-e1508186562867-300x112.jpg 300w, https:\/\/www.diktyon.info\/wp-content\/uploads\/2017\/10\/IMG_0065-e1508186562867-768x286.jpg 768w, https:\/\/www.diktyon.info\/wp-content\/uploads\/2017\/10\/IMG_0065-e1508186562867-1024x381.jpg 1024w\" sizes=\"auto, (max-width: 1600px) 100vw, 1600px\" \/><\/div><\/div><\/div><div id=\"pg-491-1\"  class=\"panel-grid panel-no-style\" ><div id=\"pgc-491-1-0\"  class=\"panel-grid-cell\" ><div id=\"panel-491-1-0-0\" class=\"so-panel widget widget_sow-editor panel-first-child panel-last-child\" data-index=\"1\" ><div id=\"biblestudies\" class=\"panel-widget-style panel-widget-style-for-491-1-0-0\" ><div\n\t\t\t\n\t\t\tclass=\"so-widget-sow-editor so-widget-sow-editor-base\"\n\t\t\t\n\t\t>\n<div class=\"siteorigin-widget-tinymce textwidget\">\n\t<h1>Educaci\u00f3n<\/h1>\n<p>Jorge y Marieta son maestros de coraz\u00f3n y sienten que educaci\u00f3n integral (que incluye la b\u00edblica) es su primer trabajo.<\/p>\n<p>Jorge viaja a iglesias en las aldeas remotas del altiplano de Guatemala para equipar pastores y l\u00edderes de iglesias. \u00a1Algunos pastores ni siquiera saben leer! Ense\u00f1a acerca diferentes temas: bibliolog\u00eda, discipulado, liderazgo, consejer\u00eda, mayordom\u00eda etc\u00e9tera.<\/p>\n<p>Estamos involucrados tambi\u00e9n en el Instituto B\u00edblico ASELSI (<a href=\"http:\/\/www.aselsi.org\">www.aselsi.org<\/a>), donde l\u00edderes de iglesias se preparan para el trabajo en el Reino de Dios.<\/p>\n<p>Jorge es catedr\u00e1tico de la facultad de Teolog\u00eda de la Universidad Mariano G\u00e1lvez en el campus de Quetzaltenango.<\/p>\n<p>Despu\u00e9s de habernos dado cuenta de la dificultad que muchos hermanos tienen con la comprensi\u00f3n de lectura, decidimos iniciar un club de lectura para ni\u00f1os, para que ellos puedan mejorar su interpretaci\u00f3n desde temprana edad. Ni\u00f1os de la vecindad llegan a casa para disfrutar cuentos e historias, aprender juntos y divertirse con juegos educativos, que les ayudar\u00e1 a interpretar mejor la Biblia.<\/p>\n<p>&nbsp;<\/p>\n<\/div>\n<\/div><\/div><\/div><\/div><div id=\"pgc-491-1-1\"  class=\"panel-grid-cell\" ><div id=\"panel-491-1-1-0\" class=\"so-panel widget widget_media_image panel-first-child panel-last-child\" data-index=\"2\" ><img loading=\"lazy\" decoding=\"async\" width=\"576\" height=\"1024\" src=\"https:\/\/www.diktyon.info\/wp-content\/uploads\/2017\/07\/foto-26-01-17-04-24-20-576x1024.jpg\" class=\"image wp-image-48  attachment-large size-large\" alt=\"\" style=\"max-width: 100%; height: auto;\" \/><\/div><\/div><\/div><div id=\"pg-491-2\"  class=\"panel-grid panel-no-style\" ><div id=\"pgc-491-2-0\"  class=\"panel-grid-cell\" ><div id=\"panel-491-2-0-0\" class=\"so-panel widget widget_sow-editor panel-first-child\" data-index=\"3\" ><div id=\"literature\" class=\"panel-widget-style panel-widget-style-for-491-2-0-0\" ><div\n\t\t\t\n\t\t\tclass=\"so-widget-sow-editor so-widget-sow-editor-base\"\n\t\t\t\n\t\t>\n<div class=\"siteorigin-widget-tinymce textwidget\">\n\t<h1>Distribuir libros y literatura<\/h1>\n<p>\u00a1Qu\u00e9 bendici\u00f3n es un buen libro! desafortunadamente, no todo el mundo tiene acceso a esto, unas veces porque no saben leer, otras porque no se consiguen libros a buenos precios.<\/p>\n<p>Es importante que los cristianos tengan contacto con buena literatura para edificar su fe y entender mejor el mensaje de la Biblia para aplicarlo correctamente en sus vidas. Buscamos buen material para ofrecerlo a un precio accesible en las iglesias o individuos. Vendemos biblias, libros acerca de temas como el matrimonio, mayordom\u00eda, la oraci\u00f3n etc\u00e9tera. Tambi\u00e9n diccionarios b\u00edblicos, y materiales para la Escuela Dominical para ni\u00f1os. Esperamos que estos recursos sean herramientas \u00fatiles para que el pueblo de Dios se puede auto-educar.<\/p>\n<p>Contamos con una librer\u00eda ambulante que llevamos a diferentes iglesias y escuelas donde nos invitan.<\/p>\n<\/div>\n<\/div><\/div><\/div><div id=\"panel-491-2-0-1\" class=\"so-panel widget widget_media_image panel-last-child\" data-index=\"4\" ><img loading=\"lazy\" decoding=\"async\" width=\"750\" height=\"563\" src=\"https:\/\/www.diktyon.info\/wp-content\/uploads\/2017\/10\/IMG_3552-1024x768.jpg\" class=\"image wp-image-231  attachment-large size-large\" alt=\"\" style=\"max-width: 100%; height: auto;\" srcset=\"https:\/\/www.diktyon.info\/wp-content\/uploads\/2017\/10\/IMG_3552-1024x768.jpg 1024w, https:\/\/www.diktyon.info\/wp-content\/uploads\/2017\/10\/IMG_3552-300x225.jpg 300w, https:\/\/www.diktyon.info\/wp-content\/uploads\/2017\/10\/IMG_3552-768x576.jpg 768w\" sizes=\"auto, (max-width: 750px) 100vw, 750px\" \/><\/div><\/div><div id=\"pgc-491-2-1\"  class=\"panel-grid-cell\" ><div id=\"panel-491-2-1-0\" class=\"so-panel widget widget_sow-editor panel-first-child\" data-index=\"5\" ><div id=\"connecting\" class=\"panel-widget-style panel-widget-style-for-491-2-1-0\" ><div\n\t\t\t\n\t\t\tclass=\"so-widget-sow-editor so-widget-sow-editor-base\"\n\t\t\t\n\t\t>\n<div class=\"siteorigin-widget-tinymce textwidget\">\n\t<h1>Conectar necesidades con ministerios<\/h1>\n<p>Vemos la necesidad de educaci\u00f3n b\u00edblica, entonces llevamos estudios b\u00edblicos. Vemos necesidades m\u00e9dicas, llevamos equipos m\u00e9dicos. Si en un lugar falta agua, conectamos la necesidad con especialistas en perforaci\u00f3n de pozos, entre otras cosas.<\/p>\n<\/div>\n<\/div><\/div><\/div><div id=\"panel-491-2-1-1\" class=\"so-panel widget widget_media_image\" data-index=\"6\" ><img loading=\"lazy\" decoding=\"async\" width=\"750\" height=\"422\" src=\"https:\/\/www.diktyon.info\/wp-content\/uploads\/2017\/10\/IMG_5692-1024x576.jpg\" class=\"image wp-image-232  attachment-large size-large\" alt=\"\" style=\"max-width: 100%; height: auto;\" srcset=\"https:\/\/www.diktyon.info\/wp-content\/uploads\/2017\/10\/IMG_5692-1024x576.jpg 1024w, https:\/\/www.diktyon.info\/wp-content\/uploads\/2017\/10\/IMG_5692-300x169.jpg 300w, https:\/\/www.diktyon.info\/wp-content\/uploads\/2017\/10\/IMG_5692-768x432.jpg 768w, https:\/\/www.diktyon.info\/wp-content\/uploads\/2017\/10\/IMG_5692.jpg 1280w\" sizes=\"auto, (max-width: 750px) 100vw, 750px\" \/><\/div><div id=\"panel-491-2-1-2\" class=\"so-panel widget widget_sow-editor panel-last-child\" data-index=\"7\" ><div id=\"mission\" class=\"panel-widget-style panel-widget-style-for-491-2-1-2\" ><div\n\t\t\t\n\t\t\tclass=\"so-widget-sow-editor so-widget-sow-editor-base\"\n\t\t\t\n\t\t>\n<div class=\"siteorigin-widget-tinymce textwidget\">\n\t<h1>Misiones<\/h1>\n<p>Creemos que cada persona que sigue a Jes\u00fas es un misionero. No significa que todos tenemos que viajar al otro lado del mundo. Se puede ser un misionero en su propio ambiente.<\/p>\n<p>Las Misiones se hacen a trav\u00e9s de la gente que ora, la que da, y la que va. Cada uno de estos grupos es igual de importante.<\/p>\n<p>Misioneros no s\u00f3lo son \u201clos blancos que vienen a ayudarnos\u201d. Es tiempo que la iglesia de Guatemala tome su rol en la Gran Comisi\u00f3n. Tratamos de movilizar cristianos para las Misiones. Muchas veces Jorge lleva con \u00e9l j\u00f3venes de Chichicastenango en sus viajes a las aldeas remotas. La realidad es dura. As\u00ed dijo un joven de un viaje: <em>\u201cPens\u00e9 que nosotros \u00e9ramos pobres, pero comparado con ellos somos muy ricos.\u201d<\/em><\/p>\n<\/div>\n<\/div><\/div><\/div><\/div><\/div><div id=\"pg-491-3\"  class=\"panel-grid panel-has-style\" ><div class=\"panel-row-style panel-row-style-for-491-3\" ><div id=\"pgc-491-3-0\"  class=\"panel-grid-cell\" ><div id=\"panel-491-3-0-0\" class=\"so-panel widget widget_sow-editor panel-first-child panel-last-child\" data-index=\"8\" ><div class=\"panel-widget-style panel-widget-style-for-491-3-0-0\" ><div\n\t\t\t\n\t\t\tclass=\"so-widget-sow-editor so-widget-sow-editor-base\"\n\t\t\t\n\t\t>\n<div class=\"siteorigin-widget-tinymce textwidget\">\n\t<h5 style=\"text-align: left;\"><span style=\"color: #ffffff;\">\u00a9 2019 Diktyon Ministries International - Guatemala<\/span><\/h5>\n<\/div>\n<\/div><\/div><\/div><\/div><div id=\"pgc-491-3-1\"  class=\"panel-grid-cell\" ><div id=\"panel-491-3-1-0\" class=\"so-panel widget widget_sow-editor panel-first-child panel-last-child\" data-index=\"9\" ><div class=\"panel-widget-style panel-widget-style-for-491-3-1-0\" ><div\n\t\t\t\n\t\t\tclass=\"so-widget-sow-editor so-widget-sow-editor-base\"\n\t\t\t\n\t\t>\n<div class=\"siteorigin-widget-tinymce textwidget\">\n\t<h5 style=\"text-align: right;\"><a href=\"https:\/\/www.diktyon.info\/es\/contact\/\"><span style=\"color: #ffffff;\">CONTACT<\/span><\/a><\/h5>\n<\/div>\n<\/div><\/div><\/div><\/div><\/div><\/div><\/div>","protected":false},"excerpt":{"rendered":"<p>Educaci\u00f3n Jorge y Marieta son maestros de coraz\u00f3n y sienten que educaci\u00f3n integral (que incluye la b\u00edblica) es su primer trabajo. Jorge viaja a iglesias en las aldeas remotas del altiplano de Guatemala para equipar pastores y l\u00edderes de iglesias. \u00a1Algunos pastores ni siquiera saben leer! Ense\u00f1a acerca diferentes temas: bibliolog\u00eda, discipulado, liderazgo, consejer\u00eda, mayordom\u00eda [&hellip;]<\/p>\n","protected":false},"author":1,"featured_media":0,"parent":0,"menu_order":0,"comment_status":"closed","ping_status":"closed","template":"","meta":{"_acf_changed":false,"footnotes":""},"class_list":["post-491","page","type-page","status-publish","hentry"],"acf":[],"_links":{"self":[{"href":"https:\/\/www.diktyon.info\/es\/wp-json\/wp\/v2\/pages\/491","targetHints":{"allow":["GET"]}}],"collection":[{"href":"https:\/\/www.diktyon.info\/es\/wp-json\/wp\/v2\/pages"}],"about":[{"href":"https:\/\/www.diktyon.info\/es\/wp-json\/wp\/v2\/types\/page"}],"author":[{"embeddable":true,"href":"https:\/\/www.diktyon.info\/es\/wp-json\/wp\/v2\/users\/1"}],"replies":[{"embeddable":true,"href":"https:\/\/www.diktyon.info\/es\/wp-json\/wp\/v2\/comments?post=491"}],"version-history":[{"count":27,"href":"https:\/\/www.diktyon.info\/es\/wp-json\/wp\/v2\/pages\/491\/revisions"}],"predecessor-version":[{"id":785,"href":"https:\/\/www.diktyon.info\/es\/wp-json\/wp\/v2\/pages\/491\/revisions\/785"}],"wp:attachment":[{"href":"https:\/\/www.diktyon.info\/es\/wp-json\/wp\/v2\/media?parent=491"}],"curies":[{"name":"wp","href":"https:\/\/api.w.org\/{rel}","templated":true}]}}