{"id":497,"date":"2017-07-24T09:10:33","date_gmt":"2017-07-24T07:10:33","guid":{"rendered":"https:\/\/pear.nl\/diktyon\/support\/"},"modified":"2024-11-19T22:47:13","modified_gmt":"2024-11-19T21:47:13","slug":"support","status":"publish","type":"page","link":"https:\/\/www.diktyon.info\/es\/support\/","title":{"rendered":"Apoyar"},"content":{"rendered":"<div id=\"pl-497\"  class=\"panel-layout\" ><div id=\"pg-497-0\"  class=\"panel-grid panel-no-style\" ><div id=\"pgc-497-0-0\"  class=\"panel-grid-cell\" ><div id=\"panel-497-0-0-0\" class=\"so-panel widget widget_sow-editor panel-first-child panel-last-child\" data-index=\"0\" ><div\n\t\t\t\n\t\t\tclass=\"so-widget-sow-editor so-widget-sow-editor-base\"\n\t\t\t\n\t\t>\n<div class=\"siteorigin-widget-tinymce textwidget\">\n\t<h1>\u00bfC\u00f3mo puedes involucrarte?<\/h1>\n<p>La Gran Comisi\u00f3n se hace orando, yendo y dando. As\u00ed que tambi\u00e9n t\u00fa puedes ayudar construyendo el Reino de Dios en Guatemala y en otros lugares. Recuerda que \"cualquiera que le da siquiera un vaso de agua fresca a un disc\u00edpulo, recibir\u00e1 la misma recompensa que el disc\u00edpulo.\" (Mateo 10:41).<\/p>\n<\/div>\n<\/div><\/div><\/div><\/div><div id=\"pg-497-1\"  class=\"panel-grid panel-no-style\" ><div id=\"pgc-497-1-0\"  class=\"panel-grid-cell\" ><div id=\"panel-497-1-0-0\" class=\"so-panel widget widget_sow-editor panel-first-child panel-last-child\" data-index=\"1\" ><div class=\"panel-widget-style panel-widget-style-for-497-1-0-0\" ><div\n\t\t\t\n\t\t\tclass=\"so-widget-sow-editor so-widget-sow-editor-base\"\n\t\t\t\n\t\t>\n<div class=\"siteorigin-widget-tinymce textwidget\">\n\t<h1 style=\"text-align: center;\"><span style=\"color: #ffffff;\">Orar<\/span><\/h1>\n<hr \/>\n<p style=\"text-align: center;\"><span style=\"color: #ffffff;\">A las personas que quieren orar por nosotros, mandamos cartas de oraci\u00f3n con puntos espec\u00edficos y actuales c\u00f3mo interceder por nuestro trabajo.<\/span><\/p>\n<hr \/>\n<h5 style=\"text-align: center;\"><span style=\"color: #ffffff;\">M\u00e1ndanos un correo para recibir estas cartas o mensajitos de oraci\u00f3n.<\/span><\/h5>\n<\/div>\n<\/div><\/div><\/div><\/div><div id=\"pgc-497-1-1\"  class=\"panel-grid-cell\" ><div id=\"panel-497-1-1-0\" class=\"so-panel widget widget_sow-editor panel-first-child panel-last-child\" data-index=\"2\" ><div class=\"panel-widget-style panel-widget-style-for-497-1-1-0\" ><div\n\t\t\t\n\t\t\tclass=\"so-widget-sow-editor so-widget-sow-editor-base\"\n\t\t\t\n\t\t>\n<div class=\"siteorigin-widget-tinymce textwidget\">\n\t<h1 style=\"text-align: center;\"><span style=\"color: #ffffff;\">Dar<\/span><\/h1>\n<hr \/>\n<p style=\"text-align: center;\"><span style=\"color: #ffffff;\">Nos puedes ayudar con una donaci\u00f3n via PayPal:<\/span><\/p>\n<p style=\"text-align: center;\"><a href=\"https:\/\/www.paypal.com\/cgi-bin\/webscr?cmd=_s-xclick&amp;hosted_button_id=5P2NV3D77W9TG\" target=\"_blank\" rel=\"noopener\"><img loading=\"lazy\" decoding=\"async\" class=\"alignnone wp-image-280 size-full\" src=\"https:\/\/www.diktyon.info\/wp-content\/uploads\/2017\/10\/DONE.png\" alt=\"Donar\" width=\"250\" height=\"45\" \/><\/a><\/p>\n<hr \/>\n<p style=\"text-align: center;\">\n<h5 style=\"text-align: center; color: #ffffff;\">O cont\u00e1ctanos si quieres donar en otra forma.<\/h5>\n<\/p>\n<h4 style=\"text-align: center; color: #ffffff;\"><a href=\"https:\/\/www.diktyon.info\/es\/contact\/\">CONTACTO<\/a><\/h4>\n<\/div>\n<\/div><\/div><\/div><\/div><div id=\"pgc-497-1-2\"  class=\"panel-grid-cell\" ><div id=\"panel-497-1-2-0\" class=\"so-panel widget widget_sow-editor panel-first-child panel-last-child\" data-index=\"3\" ><div class=\"panel-widget-style panel-widget-style-for-497-1-2-0\" ><div\n\t\t\t\n\t\t\tclass=\"so-widget-sow-editor so-widget-sow-editor-base\"\n\t\t\t\n\t\t>\n<div class=\"siteorigin-widget-tinymce textwidget\">\n\t<h1 style=\"text-align: center;\"><span style=\"color: #ffffff;\">Ayudar<\/span><\/h1>\n<hr \/>\n<p style=\"text-align: center;\"><span style=\"color: #ffffff;\">Hay varias maneras en cuales nos pueden ayudar.<\/span><\/p>\n<hr \/>\n<h5 style=\"text-align: center;\"><span style=\"color: #ffffff;\">Algunas son:<\/span><\/h5>\n<h5 style=\"text-align: center;\"><span style=\"color: #ffffff;\">&#x2022 Ayudar en el Centro de Aprendizaje.<\/span><\/h5>\n<h5 style=\"text-align: center;\"><span style=\"color: #ffffff;\">&#x2022 Viajar con nosotros a las aldeas remotas.<\/span><\/h5>\n<h5 style=\"text-align: center;\"><span style=\"color: #ffffff;\">&#x2022 Ayudar con la venta de libros cristianos.<\/span><\/h5>\n<h5 style=\"text-align: center;\"><span style=\"color: #ffffff;\">&#x2022 Donar ropa, juguetes, \u00fatiles de cocina, adornos etc\u00e9tera para nuestros bazares que realizamos 4 veces al a\u00f1o para recaudar fondos.<\/span><\/h5>\n<\/div>\n<\/div><\/div><\/div><\/div><\/div><div id=\"pg-497-2\"  class=\"panel-grid panel-has-style\" ><div class=\"panel-row-style panel-row-style-for-497-2\" ><div id=\"pgc-497-2-0\"  class=\"panel-grid-cell\" ><div id=\"panel-497-2-0-0\" class=\"so-panel widget widget_sow-editor panel-first-child panel-last-child\" data-index=\"4\" ><div class=\"panel-widget-style panel-widget-style-for-497-2-0-0\" ><div\n\t\t\t\n\t\t\tclass=\"so-widget-sow-editor so-widget-sow-editor-base\"\n\t\t\t\n\t\t>\n<div class=\"siteorigin-widget-tinymce textwidget\">\n\t<h5 style=\"text-align: left;\"><span style=\"color: #ffffff;\">\u00a9 2024 Diktyon Ministries International - Guatemala<\/span><\/h5>\n<\/div>\n<\/div><\/div><\/div><\/div><div id=\"pgc-497-2-1\"  class=\"panel-grid-cell\" ><div id=\"panel-497-2-1-0\" class=\"so-panel widget widget_sow-editor panel-first-child panel-last-child\" data-index=\"5\" ><div class=\"panel-widget-style panel-widget-style-for-497-2-1-0\" ><div\n\t\t\t\n\t\t\tclass=\"so-widget-sow-editor so-widget-sow-editor-base\"\n\t\t\t\n\t\t>\n<div class=\"siteorigin-widget-tinymce textwidget\">\n\t<h5 style=\"text-align: right;\"><a href=\"https:\/\/www.diktyon.info\/es\/contact\/\"><span style=\"color: #ffffff;\">CONTACT<\/span><\/a><\/h5>\n<\/div>\n<\/div><\/div><\/div><\/div><\/div><\/div><\/div>","protected":false},"excerpt":{"rendered":"<p>\u00bfC\u00f3mo puedes involucrarte? La Gran Comisi\u00f3n se hace orando, yendo y dando. As\u00ed que tambi\u00e9n t\u00fa puedes ayudar construyendo el Reino de Dios en Guatemala y en otros lugares. Recuerda que \u00abcualquiera que le da siquiera un vaso de agua fresca a un disc\u00edpulo, recibir\u00e1 la misma recompensa que el disc\u00edpulo.\u00bb (Mateo 10:41). Orar A [&hellip;]<\/p>\n","protected":false},"author":1,"featured_media":0,"parent":0,"menu_order":0,"comment_status":"closed","ping_status":"closed","template":"","meta":{"_acf_changed":false,"footnotes":""},"class_list":["post-497","page","type-page","status-publish","hentry"],"acf":[],"_links":{"self":[{"href":"https:\/\/www.diktyon.info\/es\/wp-json\/wp\/v2\/pages\/497","targetHints":{"allow":["GET"]}}],"collection":[{"href":"https:\/\/www.diktyon.info\/es\/wp-json\/wp\/v2\/pages"}],"about":[{"href":"https:\/\/www.diktyon.info\/es\/wp-json\/wp\/v2\/types\/page"}],"author":[{"embeddable":true,"href":"https:\/\/www.diktyon.info\/es\/wp-json\/wp\/v2\/users\/1"}],"replies":[{"embeddable":true,"href":"https:\/\/www.diktyon.info\/es\/wp-json\/wp\/v2\/comments?post=497"}],"version-history":[{"count":21,"href":"https:\/\/www.diktyon.info\/es\/wp-json\/wp\/v2\/pages\/497\/revisions"}],"predecessor-version":[{"id":1219,"href":"https:\/\/www.diktyon.info\/es\/wp-json\/wp\/v2\/pages\/497\/revisions\/1219"}],"wp:attachment":[{"href":"https:\/\/www.diktyon.info\/es\/wp-json\/wp\/v2\/media?parent=497"}],"curies":[{"name":"wp","href":"https:\/\/api.w.org\/{rel}","templated":true}]}}