{"id":681,"date":"2019-01-10T23:24:43","date_gmt":"2019-01-10T22:24:43","guid":{"rendered":"https:\/\/pear.nl\/diktyon\/?page_id=681"},"modified":"2024-11-19T22:06:47","modified_gmt":"2024-11-19T21:06:47","slug":"contact","status":"publish","type":"page","link":"https:\/\/www.diktyon.info\/es\/contact\/","title":{"rendered":"Contacto"},"content":{"rendered":"<div id=\"pl-681\"  class=\"panel-layout\" ><div id=\"pg-681-0\"  class=\"panel-grid panel-no-style\" ><div id=\"pgc-681-0-0\"  class=\"panel-grid-cell\" ><div id=\"panel-681-0-0-0\" class=\"so-panel widget widget_sow-editor panel-first-child panel-last-child\" data-index=\"0\" ><div\n\t\t\t\n\t\t\tclass=\"so-widget-sow-editor so-widget-sow-editor-base\"\n\t\t\t\n\t\t>\n<div class=\"siteorigin-widget-tinymce textwidget\">\n\t<h1>Cont\u00e1ctanos<\/h1>\n<p>Vivimos en Chichicastenango, El Quich\u00e9, Guatemala.<\/p>\n<p>Si quieres contactarnos, m\u00e1ndanos un correo electr\u00f3nico o un mensaje en WhatsApp. Tambi\u00e9n nos puedes llamar por tel\u00e9fono.<\/p>\n<p>Jorge:\u00a0 (00502) 5998 7348<\/p>\n<p><a href=\"mailto:jorge@diktyon.info\" target=\"_blank\" rel=\"noopener\">jorge@diktyon.info<\/a><\/p>\n<p>Mariette:\u00a0 (00502) 5999 8392<\/p>\n<p><a href=\"mailto:marieta@diktyon.info\" target=\"_blank\" rel=\"noopener\">marieta@diktyon.info<\/a><\/p>\n<\/div>\n<\/div><\/div><\/div><div id=\"pgc-681-0-1\"  class=\"panel-grid-cell\" ><div id=\"panel-681-0-1-0\" class=\"so-panel widget widget_sow-image panel-first-child panel-last-child\" data-index=\"1\" ><div\n\t\t\t\n\t\t\tclass=\"so-widget-sow-image so-widget-sow-image-default-8b5b6f678277-681\"\n\t\t\t\n\t\t>\n<div class=\"sow-image-container\">\n\t\t<img \n\tsrc=\"https:\/\/www.diktyon.info\/wp-content\/uploads\/2019\/01\/IMG_0052.jpg\" width=\"3264\" height=\"2448\" srcset=\"https:\/\/www.diktyon.info\/wp-content\/uploads\/2019\/01\/IMG_0052.jpg 3264w, https:\/\/www.diktyon.info\/wp-content\/uploads\/2019\/01\/IMG_0052-300x225.jpg 300w, https:\/\/www.diktyon.info\/wp-content\/uploads\/2019\/01\/IMG_0052-768x576.jpg 768w, https:\/\/www.diktyon.info\/wp-content\/uploads\/2019\/01\/IMG_0052-1024x768.jpg 1024w\" sizes=\"(max-width: 3264px) 100vw, 3264px\" alt=\"\" \t\tclass=\"so-widget-image\"\/>\n\t<\/div>\n\n<\/div><\/div><\/div><\/div><div id=\"pg-681-1\"  class=\"panel-grid panel-has-style\" ><div class=\"panel-row-style panel-row-style-for-681-1\" ><div id=\"pgc-681-1-0\"  class=\"panel-grid-cell\" ><div id=\"panel-681-1-0-0\" class=\"so-panel widget widget_sow-editor panel-first-child panel-last-child\" data-index=\"2\" ><div class=\"panel-widget-style panel-widget-style-for-681-1-0-0\" ><div\n\t\t\t\n\t\t\tclass=\"so-widget-sow-editor so-widget-sow-editor-base\"\n\t\t\t\n\t\t>\n<div class=\"siteorigin-widget-tinymce textwidget\">\n\t<h5 style=\"text-align: left;\"><span style=\"color: #ffffff;\">\u00a9 2024 Diktyon Ministries International - Guatemala<\/span><\/h5>\n<\/div>\n<\/div><\/div><\/div><\/div><div id=\"pgc-681-1-1\"  class=\"panel-grid-cell\" ><div id=\"panel-681-1-1-0\" class=\"so-panel widget widget_sow-editor panel-first-child panel-last-child\" data-index=\"3\" ><div class=\"panel-widget-style panel-widget-style-for-681-1-1-0\" ><div\n\t\t\t\n\t\t\tclass=\"so-widget-sow-editor so-widget-sow-editor-base\"\n\t\t\t\n\t\t>\n<div class=\"siteorigin-widget-tinymce textwidget\">\n\t<h5 style=\"text-align: right;\"><a href=\"https:\/\/www.diktyon.info\/es\/contact\/\"><span style=\"color: #ffffff;\">CONTACTO<\/span><\/a><\/h5>\n<\/div>\n<\/div><\/div><\/div><\/div><\/div><\/div><\/div>","protected":false},"excerpt":{"rendered":"<p>Cont\u00e1ctanos Vivimos en Chichicastenango, El Quich\u00e9, Guatemala. Si quieres contactarnos, m\u00e1ndanos un correo electr\u00f3nico o un mensaje en WhatsApp. Tambi\u00e9n nos puedes llamar por tel\u00e9fono. Jorge:\u00a0 (00502) 5998 7348 jorge@diktyon.info Mariette:\u00a0 (00502) 5999 8392 marieta@diktyon.info \u00a9 2024 Diktyon Ministries International &#8211; Guatemala CONTACTO<\/p>\n","protected":false},"author":2,"featured_media":0,"parent":0,"menu_order":0,"comment_status":"closed","ping_status":"closed","template":"","meta":{"_acf_changed":false,"footnotes":""},"class_list":["post-681","page","type-page","status-publish","hentry"],"acf":[],"_links":{"self":[{"href":"https:\/\/www.diktyon.info\/es\/wp-json\/wp\/v2\/pages\/681","targetHints":{"allow":["GET"]}}],"collection":[{"href":"https:\/\/www.diktyon.info\/es\/wp-json\/wp\/v2\/pages"}],"about":[{"href":"https:\/\/www.diktyon.info\/es\/wp-json\/wp\/v2\/types\/page"}],"author":[{"embeddable":true,"href":"https:\/\/www.diktyon.info\/es\/wp-json\/wp\/v2\/users\/2"}],"replies":[{"embeddable":true,"href":"https:\/\/www.diktyon.info\/es\/wp-json\/wp\/v2\/comments?post=681"}],"version-history":[{"count":21,"href":"https:\/\/www.diktyon.info\/es\/wp-json\/wp\/v2\/pages\/681\/revisions"}],"predecessor-version":[{"id":1185,"href":"https:\/\/www.diktyon.info\/es\/wp-json\/wp\/v2\/pages\/681\/revisions\/1185"}],"wp:attachment":[{"href":"https:\/\/www.diktyon.info\/es\/wp-json\/wp\/v2\/media?parent=681"}],"curies":[{"name":"wp","href":"https:\/\/api.w.org\/{rel}","templated":true}]}}