{"id":237,"date":"2017-10-16T23:56:50","date_gmt":"2017-10-16T21:56:50","guid":{"rendered":"https:\/\/pear.nl\/diktyon\/?page_id=237"},"modified":"2023-01-10T14:20:32","modified_gmt":"2023-01-10T13:20:32","slug":"helpen","status":"publish","type":"page","link":"https:\/\/www.diktyon.info\/nl\/helpen\/","title":{"rendered":"Helpen?"},"content":{"rendered":"<div id=\"pl-237\"  class=\"panel-layout\" ><div id=\"pg-237-0\"  class=\"panel-grid panel-no-style\" ><div id=\"pgc-237-0-0\"  class=\"panel-grid-cell\" ><div id=\"panel-237-0-0-0\" class=\"so-panel widget widget_sow-editor panel-first-child panel-last-child\" data-index=\"0\" ><div\n\t\t\t\n\t\t\tclass=\"so-widget-sow-editor so-widget-sow-editor-base\"\n\t\t\t\n\t\t>\n<div class=\"siteorigin-widget-tinymce textwidget\">\n\t<h1>Hoe kun jij helpen?<\/h1>\n<p>Wereldwijde zending wordt gedaan door te bidden, te geven of te gaan. Dat betekent dat jij zelf ook kunt helpen met de opbouw van het Koninkrijk in de binnenlanden van Guatemala.\u00a0<\/p>\n<\/div>\n<\/div><\/div><\/div><\/div><div id=\"pg-237-1\"  class=\"panel-grid panel-no-style\" ><div id=\"pgc-237-1-0\"  class=\"panel-grid-cell\" ><div id=\"panel-237-1-0-0\" class=\"so-panel widget widget_sow-image panel-first-child panel-last-child\" data-index=\"1\" ><div class=\"panel-widget-style panel-widget-style-for-237-1-0-0\" ><div\n\t\t\t\n\t\t\tclass=\"so-widget-sow-image so-widget-sow-image-default-334eeca80698-237\"\n\t\t\t\n\t\t><h3 class=\"widget-title\">Wil jij ons helpen met het thuisonderwijs van onze kinderen?<\/h3>\n<div class=\"sow-image-container\">\n\t\t\t<a href=\"https:\/\/www.diktyon.info\/nl\/homeschool\/\"\n\t\t\t\t\t>\n\t\t\t<img \n\tsrc=\"https:\/\/www.diktyon.info\/wp-content\/uploads\/2019\/06\/Homeschool-Button-1.jpg\" width=\"2860\" height=\"458\" srcset=\"https:\/\/www.diktyon.info\/wp-content\/uploads\/2019\/06\/Homeschool-Button-1.jpg 2860w, https:\/\/www.diktyon.info\/wp-content\/uploads\/2019\/06\/Homeschool-Button-1-300x48.jpg 300w, https:\/\/www.diktyon.info\/wp-content\/uploads\/2019\/06\/Homeschool-Button-1-768x123.jpg 768w, https:\/\/www.diktyon.info\/wp-content\/uploads\/2019\/06\/Homeschool-Button-1-1024x164.jpg 1024w\" sizes=\"(max-width: 2860px) 100vw, 2860px\" title=\"Wil jij ons helpen met het thuisonderwijs van onze kinderen?\" alt=\"\" \t\tclass=\"so-widget-image\"\/>\n\t\t\t<\/a><\/div>\n\n<\/div><\/div><\/div><\/div><\/div><div id=\"pg-237-2\"  class=\"panel-grid panel-no-style\" ><div id=\"pgc-237-2-0\"  class=\"panel-grid-cell\" ><div id=\"panel-237-2-0-0\" class=\"so-panel widget widget_sow-editor panel-first-child panel-last-child\" data-index=\"2\" ><div class=\"panel-widget-style panel-widget-style-for-237-2-0-0\" ><div\n\t\t\t\n\t\t\tclass=\"so-widget-sow-editor so-widget-sow-editor-base\"\n\t\t\t\n\t\t>\n<div class=\"siteorigin-widget-tinymce textwidget\">\n\t<h1 style=\"text-align: center;\">Bidden?<\/h1>\n<hr \/>\n<p style=\"text-align: center;\">Eens in de paar weken sturen wij een gebedsmail naar onze meebiddende achterban, met daarin gerichte, actuele gebedspunten.\u00a0<\/p>\n<hr \/>\n<h5 style=\"text-align: center;\">Stuur ons een email om deze gebedsupdates te ontvangen en zo mee te bidden voor ons werk.<\/h5>\n<h6>\u00a0<\/h6>\n<\/div>\n<\/div><\/div><\/div><\/div><div id=\"pgc-237-2-1\"  class=\"panel-grid-cell\" ><div id=\"panel-237-2-1-0\" class=\"so-panel widget widget_sow-editor panel-first-child panel-last-child\" data-index=\"3\" ><div class=\"panel-widget-style panel-widget-style-for-237-2-1-0\" ><div\n\t\t\t\n\t\t\tclass=\"so-widget-sow-editor so-widget-sow-editor-base\"\n\t\t\t\n\t\t>\n<div class=\"siteorigin-widget-tinymce textwidget\">\n\t<h1 style=\"text-align: center;\">Geven?<\/h1>\n<hr \/>\n<p style=\"text-align: center;\">Direct online doneren<\/p>\n<p style=\"text-align: center;\"><a href=\"https:\/\/www.paypal.com\/cgi-bin\/webscr?cmd=_s-xclick&amp;hosted_button_id=5P2NV3D77W9TG\" target=\"_blank\" rel=\"noopener\"><img loading=\"lazy\" decoding=\"async\" class=\"wp-image-279 size-full aligncenter\" src=\"https:\/\/www.diktyon.info\/wp-content\/uploads\/2017\/10\/DONEER.png\" alt=\"Direct doneren\" width=\"250\" height=\"45\" \/><\/a><\/p>\n<hr \/>\n<p style=\"text-align: center;\">Gift overmaken per bank<\/p>\n<h5 style=\"text-align: center;\">via<strong> <span style=\"color: #18bdbc;\">St. Zending en Gemeente<br \/>\n<\/span><\/strong>IBAN:\u00a0<strong> <span style=\"color: #18bdbc;\">NL20 ABNA 0607 7824 12<\/span><\/strong><br \/>\no.v.v.\u00a0<strong><span style=\"color: #18bdbc;\">Zending\u00a0026\/Rojas-Koorevaar<\/span><\/strong> (!)<\/h5>\n<p style=\"text-align: center;\"><a href=\"https:\/\/www.zendingengemeente.nl\/go\/doe-mee\/online-geven\/\" target=\"_blank\" rel=\"noopener\"><strong><span style=\"color: #33cccc;\">NU DIRECT VIA IDEAL<\/span><\/strong><\/a><\/p>\n<hr \/>\n<h6>De stichting <a href=\"http:\/\/zendingengemeente.nl\/guatemala\/\">Zending en Gemeente<\/a> is een overkoepelende organisatie die ons waar nodig adviseert, en ook zorg draagt voor de ontvangen financiele giften. Je financiele bijdrage wordt \u00e9\u00e9n op \u00e9\u00e9n aan ons doorgegeven, enkomt dus voor 100% ten goede aan het werk van <a href=\"https:\/\/www.diktyon.info\">Diktyon<\/a>.<\/h6>\n<h6>Omdat de stichting <a href=\"http:\/\/zendingengemeente.nl\/guatemala\/\">Zending en Gemeente<\/a> is erkend als <a href=\"http:\/\/zendingengemeente.nl\/anbi\/\">ANBI<\/a>, zijn periodieke giften <span style=\"text-decoration: underline;\">aftrekbaar<\/span> van de belasting. Ben je van plan ons periodiek te steunen, dan vinden wij het fijn als je ons dat laat weten door middel van een mailtje, dan hebben wij beter inzicht in onze inkomsten.<\/h6>\n<\/div>\n<\/div><\/div><\/div><\/div><div id=\"pgc-237-2-2\"  class=\"panel-grid-cell\" ><div id=\"panel-237-2-2-0\" class=\"so-panel widget widget_sow-editor panel-first-child panel-last-child\" data-index=\"4\" ><div class=\"panel-widget-style panel-widget-style-for-237-2-2-0\" ><div\n\t\t\t\n\t\t\tclass=\"so-widget-sow-editor so-widget-sow-editor-base\"\n\t\t\t\n\t\t>\n<div class=\"siteorigin-widget-tinymce textwidget\">\n\t<h1 style=\"text-align: center;\">Gaan?<\/h1>\n<hr \/>\n<p style=\"text-align: center;\">Je bent van harte welkom om ons te bezoeken! Alleen of met een (kleine) groep. Stuur gerust een email om over de mogelijkheden te horen!<\/p>\n<hr \/>\n<h5 style=\"text-align: center;\">Je hulp, in welke vorm dan ook wordt altijd gewaardeerd, denk bijvoorbeeld aan:<\/h5>\n<h5 style=\"text-align: center;\">- Praktische klussen in afgelegen dorp -<br \/>- Assistentie bij medische hulp in kliniek -<br \/>- Hulp bij onderwijs aan onze kinderen -<\/h5>\n<h5 style=\"text-align: center;\">Eigen suggesties zijn uiteraard ook welkom.<\/h5>\n<\/div>\n<\/div><\/div><\/div><\/div><\/div><div id=\"pg-237-3\"  class=\"panel-grid panel-has-style\" ><div class=\"panel-row-style panel-row-style-for-237-3\" ><div id=\"pgc-237-3-0\"  class=\"panel-grid-cell\" ><div id=\"panel-237-3-0-0\" class=\"so-panel widget widget_sow-editor panel-first-child panel-last-child\" data-index=\"5\" ><div class=\"panel-widget-style panel-widget-style-for-237-3-0-0\" ><div\n\t\t\t\n\t\t\tclass=\"so-widget-sow-editor so-widget-sow-editor-base\"\n\t\t\t\n\t\t>\n<div class=\"siteorigin-widget-tinymce textwidget\">\n\t<h5 style=\"text-align: left;\"><span style=\"color: #ffffff;\">\u00a9 2019 Diktyon Ministries International - Guatemala<\/span><\/h5>\n<\/div>\n<\/div><\/div><\/div><\/div><div id=\"pgc-237-3-1\"  class=\"panel-grid-cell\" ><div id=\"panel-237-3-1-0\" class=\"so-panel widget widget_sow-editor panel-first-child panel-last-child\" data-index=\"6\" ><div class=\"panel-widget-style panel-widget-style-for-237-3-1-0\" ><div\n\t\t\t\n\t\t\tclass=\"so-widget-sow-editor so-widget-sow-editor-base\"\n\t\t\t\n\t\t>\n<div class=\"siteorigin-widget-tinymce textwidget\">\n\t<h5 style=\"text-align: right;\"><a href=\"https:\/\/www.diktyon.info\/nl\/contact\/\"><span style=\"color: #ffffff;\">CONTACT<\/span><\/a><\/h5>\n<\/div>\n<\/div><\/div><\/div><\/div><\/div><\/div><\/div>","protected":false},"excerpt":{"rendered":"<p>Hoe kun jij helpen? Wereldwijde zending wordt gedaan door te bidden, te geven of te gaan. Dat betekent dat jij zelf ook kunt helpen met de opbouw van het Koninkrijk in de binnenlanden van Guatemala.\u00a0<\/p>\n","protected":false},"author":2,"featured_media":0,"parent":0,"menu_order":0,"comment_status":"closed","ping_status":"closed","template":"","meta":{"_acf_changed":false,"footnotes":""},"class_list":["post-237","page","type-page","status-publish","hentry"],"acf":[],"_links":{"self":[{"href":"https:\/\/www.diktyon.info\/nl\/wp-json\/wp\/v2\/pages\/237","targetHints":{"allow":["GET"]}}],"collection":[{"href":"https:\/\/www.diktyon.info\/nl\/wp-json\/wp\/v2\/pages"}],"about":[{"href":"https:\/\/www.diktyon.info\/nl\/wp-json\/wp\/v2\/types\/page"}],"author":[{"embeddable":true,"href":"https:\/\/www.diktyon.info\/nl\/wp-json\/wp\/v2\/users\/2"}],"replies":[{"embeddable":true,"href":"https:\/\/www.diktyon.info\/nl\/wp-json\/wp\/v2\/comments?post=237"}],"version-history":[{"count":107,"href":"https:\/\/www.diktyon.info\/nl\/wp-json\/wp\/v2\/pages\/237\/revisions"}],"predecessor-version":[{"id":242,"href":"https:\/\/www.diktyon.info\/nl\/wp-json\/wp\/v2\/pages\/237\/revisions\/242"}],"wp:attachment":[{"href":"https:\/\/www.diktyon.info\/nl\/wp-json\/wp\/v2\/media?parent=237"}],"curies":[{"name":"wp","href":"https:\/\/api.w.org\/{rel}","templated":true}]}}